{"id":10,"date":"2014-08-05T10:17:19","date_gmt":"2014-08-05T14:17:19","guid":{"rendered":"http:\/\/renelledesign.com\/fr\/?page_id=10"},"modified":"2022-09-07T15:57:29","modified_gmt":"2022-09-07T19:57:29","slug":"accueil","status":"publish","type":"page","link":"https:\/\/renelledesign.com\/fr\/","title":{"rendered":"Accueil"},"content":{"rendered":"<p><div class=\"fusion-fullwidth fullwidth-box fusion-builder-row-1 nonhundred-percent-fullwidth non-hundred-percent-height-scrolling\" style=\"--awb-border-radius-top-left:0px;--awb-border-radius-top-right:0px;--awb-border-radius-bottom-right:0px;--awb-border-radius-bottom-left:0px;--awb-flex-wrap:wrap;\" ><div class=\"fusion-builder-row fusion-row\"><div class=\"fusion-layout-column fusion_builder_column fusion-builder-column-0 fusion_builder_column_1_1 1_1 fusion-one-full fusion-column-first fusion-column-last\" style=\"--awb-bg-size:cover;--awb-margin-bottom:0px;\"><div class=\"fusion-column-wrapper fusion-column-has-shadow fusion-flex-column-wrapper-legacy\"><div class=\"fusion-column-content-centered\"><div class=\"fusion-column-content\"><div class=\"fusion-text fusion-text-1\">\n<\/div><\/div><\/div><div class=\"fusion-clearfix\"><\/div><\/div><\/div><\/div><\/div><div class=\"fusion-fullwidth fullwidth-box fusion-builder-row-2 hundred-percent-fullwidth non-hundred-percent-height-scrolling\" style=\"--awb-border-radius-top-left:0px;--awb-border-radius-top-right:0px;--awb-border-radius-bottom-right:0px;--awb-border-radius-bottom-left:0px;--awb-overflow:visible;--awb-margin-top:30px;--awb-background-color:rgba(255,255,255,0);--awb-flex-wrap:wrap;\" ><div class=\"fusion-builder-row fusion-row\"><div class=\"fusion-layout-column fusion_builder_column fusion-builder-column-1 fusion_builder_column_1_1 1_1 fusion-one-full fusion-column-first fusion-column-last fusion-column-no-min-height\" style=\"--awb-bg-size:cover;--awb-margin-bottom:0px;\"><div class=\"fusion-column-wrapper fusion-flex-column-wrapper-legacy\"><div class=\"fusion-sep-clear\"><\/div><div class=\"fusion-separator fusion-full-width-sep\" style=\"margin-left: auto;margin-right: auto;width:100%;\"><\/div><div class=\"fusion-sep-clear\"><\/div><div class=\"fusion-video fusion-vimeo fusion-aligncenter\" style=\"--awb-max-width:600px;--awb-max-height:360px;--awb-width:100%;\"><div class=\"video-shortcode\"><div class=\"fluid-width-video-wrapper\" style=\"padding-top:60%;\" ><iframe title=\"Vimeo video player 1\" src=\"https:\/\/player.vimeo.com\/video\/104752830?autoplay=0&autopause=0\" width=\"600\" height=\"360\" allowfullscreen allow=\"autoplay; fullscreen\"><\/iframe><\/div><\/div><\/div><div class=\"fusion-text fusion-text-2\"><p><img decoding=\"async\" class=\"aligncenter size-full wp-image-354\" src=\"http:\/\/renelledesign.com\/wp-content\/uploads\/renelledesign-slogan-fr.png\" alt=\"renelledesign-slogan-fr\" width=\"400\" height=\"67\" \/><\/p>\n<\/div><div class=\"fusion-sep-clear\"><\/div><div class=\"fusion-separator fusion-full-width-sep\" style=\"margin-left: auto;margin-right: auto;margin-top:20px;margin-bottom:20px;width:100%;\"><\/div><div class=\"fusion-sep-clear\"><\/div><div class=\"fusion-image-element fusion-image-align-center in-legacy-container\" style=\"text-align:center;--awb-caption-title-font-family:var(--h2_typography-font-family);--awb-caption-title-font-weight:var(--h2_typography-font-weight);--awb-caption-title-font-style:var(--h2_typography-font-style);--awb-caption-title-size:var(--h2_typography-font-size);--awb-caption-title-transform:var(--h2_typography-text-transform);--awb-caption-title-line-height:var(--h2_typography-line-height);--awb-caption-title-letter-spacing:var(--h2_typography-letter-spacing);\"><div class=\"imageframe-align-center\"><span class=\" fusion-imageframe imageframe-none imageframe-1 hover-type-none\"><img decoding=\"async\" width=\"1000\" height=\"335\" title=\"01fr\" src=\"https:\/\/renelledesign.com\/fr\/wp-content\/uploads\/01fr.jpg\" alt class=\"img-responsive wp-image-329\" srcset=\"https:\/\/renelledesign.com\/fr\/wp-content\/uploads\/01fr-600x201.jpg 600w, https:\/\/renelledesign.com\/fr\/wp-content\/uploads\/01fr.jpg 1000w\" sizes=\"(max-width: 800px) 100vw, 1000px\" \/><\/span><\/div><\/div><div class=\"fusion-sep-clear\"><\/div><div class=\"fusion-separator fusion-full-width-sep\" style=\"margin-left: auto;margin-right: auto;margin-top:20px;margin-bottom:20px;width:100%;\"><\/div><div class=\"fusion-sep-clear\"><\/div><div class=\"fusion-image-element fusion-image-align-center in-legacy-container\" style=\"text-align:center;--awb-caption-title-font-family:var(--h2_typography-font-family);--awb-caption-title-font-weight:var(--h2_typography-font-weight);--awb-caption-title-font-style:var(--h2_typography-font-style);--awb-caption-title-size:var(--h2_typography-font-size);--awb-caption-title-transform:var(--h2_typography-text-transform);--awb-caption-title-line-height:var(--h2_typography-line-height);--awb-caption-title-letter-spacing:var(--h2_typography-letter-spacing);\"><div class=\"imageframe-align-center\"><span class=\" fusion-imageframe imageframe-none imageframe-2 hover-type-none\"><img decoding=\"async\" width=\"1000\" height=\"335\" title=\"03fr\" src=\"https:\/\/renelledesign.com\/fr\/wp-content\/uploads\/03fr.jpg\" alt class=\"img-responsive wp-image-331\" srcset=\"https:\/\/renelledesign.com\/fr\/wp-content\/uploads\/03fr-600x201.jpg 600w, https:\/\/renelledesign.com\/fr\/wp-content\/uploads\/03fr.jpg 1000w\" sizes=\"(max-width: 800px) 100vw, 1000px\" \/><\/span><\/div><\/div><div class=\"fusion-clearfix\"><\/div><\/div><\/div><\/div><\/div><\/p>\n","protected":false},"excerpt":{"rendered":"","protected":false},"author":2,"featured_media":0,"parent":0,"menu_order":1,"comment_status":"closed","ping_status":"closed","template":"","meta":{"footnotes":""},"class_list":["post-10","page","type-page","status-publish","hentry"],"yoast_head":"<!-- This site is optimized with the Yoast SEO plugin v27.4 - https:\/\/yoast.com\/product\/yoast-seo-wordpress\/ -->\n<title>Accueil - Renelle Design - Toronto<\/title>\n<meta name=\"description\" content=\"D\u00e9coratrice int\u00e9rieure de la firme Renelle Design, Renelle Lalibert\u00e9 est une professionnelle du design, passionn\u00e9e qui aime transformer et embellir.\" \/>\n<meta name=\"robots\" content=\"index, follow, max-snippet:-1, max-image-preview:large, max-video-preview:-1\" \/>\n<link rel=\"canonical\" href=\"https:\/\/renelledesign.com\/fr\/\" \/>\n<meta property=\"og:locale\" content=\"en_US\" \/>\n<meta property=\"og:type\" content=\"article\" \/>\n<meta property=\"og:title\" content=\"Accueil - Renelle Design - Toronto\" \/>\n<meta property=\"og:description\" content=\"D\u00e9coratrice int\u00e9rieure de la firme Renelle Design, Renelle Lalibert\u00e9 est une professionnelle du design, passionn\u00e9e qui aime transformer et embellir.\" \/>\n<meta property=\"og:url\" content=\"https:\/\/renelledesign.com\/fr\/\" \/>\n<meta property=\"og:site_name\" content=\"Renelle Design - Toronto\" \/>\n<meta property=\"article:modified_time\" content=\"2022-09-07T19:57:29+00:00\" \/>\n<meta property=\"og:image\" content=\"http:\/\/renelledesign.com\/wp-content\/uploads\/renelledesign-slogan-fr.png\" \/>\n<meta name=\"twitter:label1\" content=\"Est. reading time\" \/>\n\t<meta name=\"twitter:data1\" content=\"2 minutes\" \/>\n<script type=\"application\/ld+json\" class=\"yoast-schema-graph\">{\"@context\":\"https:\\\/\\\/schema.org\",\"@graph\":[{\"@type\":\"WebPage\",\"@id\":\"https:\\\/\\\/renelledesign.com\\\/fr\\\/\",\"url\":\"https:\\\/\\\/renelledesign.com\\\/fr\\\/\",\"name\":\"Accueil - Renelle Design - Toronto\",\"isPartOf\":{\"@id\":\"https:\\\/\\\/renelledesign.com\\\/fr\\\/#website\"},\"primaryImageOfPage\":{\"@id\":\"https:\\\/\\\/renelledesign.com\\\/fr\\\/#primaryimage\"},\"image\":{\"@id\":\"https:\\\/\\\/renelledesign.com\\\/fr\\\/#primaryimage\"},\"thumbnailUrl\":\"http:\\\/\\\/renelledesign.com\\\/wp-content\\\/uploads\\\/renelledesign-slogan-fr.png\",\"datePublished\":\"2014-08-05T14:17:19+00:00\",\"dateModified\":\"2022-09-07T19:57:29+00:00\",\"description\":\"D\u00e9coratrice int\u00e9rieure de la firme Renelle Design, Renelle Lalibert\u00e9 est une professionnelle du design, passionn\u00e9e qui aime transformer et embellir.\",\"breadcrumb\":{\"@id\":\"https:\\\/\\\/renelledesign.com\\\/fr\\\/#breadcrumb\"},\"inLanguage\":\"en-US\",\"potentialAction\":[{\"@type\":\"ReadAction\",\"target\":[\"https:\\\/\\\/renelledesign.com\\\/fr\\\/\"]}]},{\"@type\":\"ImageObject\",\"inLanguage\":\"en-US\",\"@id\":\"https:\\\/\\\/renelledesign.com\\\/fr\\\/#primaryimage\",\"url\":\"http:\\\/\\\/renelledesign.com\\\/wp-content\\\/uploads\\\/renelledesign-slogan-fr.png\",\"contentUrl\":\"http:\\\/\\\/renelledesign.com\\\/wp-content\\\/uploads\\\/renelledesign-slogan-fr.png\"},{\"@type\":\"BreadcrumbList\",\"@id\":\"https:\\\/\\\/renelledesign.com\\\/fr\\\/#breadcrumb\",\"itemListElement\":[{\"@type\":\"ListItem\",\"position\":1,\"name\":\"Home\",\"item\":\"https:\\\/\\\/renelledesign.com\\\/fr\\\/\"},{\"@type\":\"ListItem\",\"position\":2,\"name\":\"Accueil\"}]},{\"@type\":\"WebSite\",\"@id\":\"https:\\\/\\\/renelledesign.com\\\/fr\\\/#website\",\"url\":\"https:\\\/\\\/renelledesign.com\\\/fr\\\/\",\"name\":\"Renelle Design - Toronto\",\"description\":\"Renelle Design - Toronto\",\"potentialAction\":[{\"@type\":\"SearchAction\",\"target\":{\"@type\":\"EntryPoint\",\"urlTemplate\":\"https:\\\/\\\/renelledesign.com\\\/fr\\\/?s={search_term_string}\"},\"query-input\":{\"@type\":\"PropertyValueSpecification\",\"valueRequired\":true,\"valueName\":\"search_term_string\"}}],\"inLanguage\":\"en-US\"}]}<\/script>\n<!-- \/ Yoast SEO plugin. -->","yoast_head_json":{"title":"Accueil - Renelle Design - Toronto","description":"D\u00e9coratrice int\u00e9rieure de la firme Renelle Design, Renelle Lalibert\u00e9 est une professionnelle du design, passionn\u00e9e qui aime transformer et embellir.","robots":{"index":"index","follow":"follow","max-snippet":"max-snippet:-1","max-image-preview":"max-image-preview:large","max-video-preview":"max-video-preview:-1"},"canonical":"https:\/\/renelledesign.com\/fr\/","og_locale":"en_US","og_type":"article","og_title":"Accueil - Renelle Design - Toronto","og_description":"D\u00e9coratrice int\u00e9rieure de la firme Renelle Design, Renelle Lalibert\u00e9 est une professionnelle du design, passionn\u00e9e qui aime transformer et embellir.","og_url":"https:\/\/renelledesign.com\/fr\/","og_site_name":"Renelle Design - Toronto","article_modified_time":"2022-09-07T19:57:29+00:00","og_image":[{"url":"http:\/\/renelledesign.com\/wp-content\/uploads\/renelledesign-slogan-fr.png","type":"","width":"","height":""}],"twitter_misc":{"Est. reading time":"2 minutes"},"schema":{"@context":"https:\/\/schema.org","@graph":[{"@type":"WebPage","@id":"https:\/\/renelledesign.com\/fr\/","url":"https:\/\/renelledesign.com\/fr\/","name":"Accueil - Renelle Design - Toronto","isPartOf":{"@id":"https:\/\/renelledesign.com\/fr\/#website"},"primaryImageOfPage":{"@id":"https:\/\/renelledesign.com\/fr\/#primaryimage"},"image":{"@id":"https:\/\/renelledesign.com\/fr\/#primaryimage"},"thumbnailUrl":"http:\/\/renelledesign.com\/wp-content\/uploads\/renelledesign-slogan-fr.png","datePublished":"2014-08-05T14:17:19+00:00","dateModified":"2022-09-07T19:57:29+00:00","description":"D\u00e9coratrice int\u00e9rieure de la firme Renelle Design, Renelle Lalibert\u00e9 est une professionnelle du design, passionn\u00e9e qui aime transformer et embellir.","breadcrumb":{"@id":"https:\/\/renelledesign.com\/fr\/#breadcrumb"},"inLanguage":"en-US","potentialAction":[{"@type":"ReadAction","target":["https:\/\/renelledesign.com\/fr\/"]}]},{"@type":"ImageObject","inLanguage":"en-US","@id":"https:\/\/renelledesign.com\/fr\/#primaryimage","url":"http:\/\/renelledesign.com\/wp-content\/uploads\/renelledesign-slogan-fr.png","contentUrl":"http:\/\/renelledesign.com\/wp-content\/uploads\/renelledesign-slogan-fr.png"},{"@type":"BreadcrumbList","@id":"https:\/\/renelledesign.com\/fr\/#breadcrumb","itemListElement":[{"@type":"ListItem","position":1,"name":"Home","item":"https:\/\/renelledesign.com\/fr\/"},{"@type":"ListItem","position":2,"name":"Accueil"}]},{"@type":"WebSite","@id":"https:\/\/renelledesign.com\/fr\/#website","url":"https:\/\/renelledesign.com\/fr\/","name":"Renelle Design - Toronto","description":"Renelle Design - Toronto","potentialAction":[{"@type":"SearchAction","target":{"@type":"EntryPoint","urlTemplate":"https:\/\/renelledesign.com\/fr\/?s={search_term_string}"},"query-input":{"@type":"PropertyValueSpecification","valueRequired":true,"valueName":"search_term_string"}}],"inLanguage":"en-US"}]}},"_links":{"self":[{"href":"https:\/\/renelledesign.com\/fr\/wp-json\/wp\/v2\/pages\/10","targetHints":{"allow":["GET"]}}],"collection":[{"href":"https:\/\/renelledesign.com\/fr\/wp-json\/wp\/v2\/pages"}],"about":[{"href":"https:\/\/renelledesign.com\/fr\/wp-json\/wp\/v2\/types\/page"}],"author":[{"embeddable":true,"href":"https:\/\/renelledesign.com\/fr\/wp-json\/wp\/v2\/users\/2"}],"replies":[{"embeddable":true,"href":"https:\/\/renelledesign.com\/fr\/wp-json\/wp\/v2\/comments?post=10"}],"version-history":[{"count":0,"href":"https:\/\/renelledesign.com\/fr\/wp-json\/wp\/v2\/pages\/10\/revisions"}],"wp:attachment":[{"href":"https:\/\/renelledesign.com\/fr\/wp-json\/wp\/v2\/media?parent=10"}],"curies":[{"name":"wp","href":"https:\/\/api.w.org\/{rel}","templated":true}]}}