{"id":12,"date":"2014-08-05T10:17:44","date_gmt":"2014-08-05T14:17:44","guid":{"rendered":"http:\/\/renelledesign.com\/fr\/?page_id=12"},"modified":"2022-04-12T16:03:33","modified_gmt":"2022-04-12T20:03:33","slug":"profil","status":"publish","type":"page","link":"https:\/\/renelledesign.com\/fr\/profil\/","title":{"rendered":"Profil"},"content":{"rendered":"<div class=\"fusion-fullwidth fullwidth-box fusion-builder-row-1 hundred-percent-fullwidth non-hundred-percent-height-scrolling\" style=\"--awb-border-radius-top-left:0px;--awb-border-radius-top-right:0px;--awb-border-radius-bottom-right:0px;--awb-border-radius-bottom-left:0px;--awb-overflow:visible;--awb-flex-wrap:wrap;\" ><div class=\"fusion-builder-row fusion-row\"><div class=\"fusion-layout-column fusion_builder_column fusion-builder-column-0 fusion_builder_column_1_4 1_4 fusion-one-fourth fusion-column-first\" style=\"--awb-bg-blend:overlay;--awb-bg-size:cover;width:25%;width:calc(25% - ( ( 4% ) * 0.25 ) );margin-right: 4%;\"><div class=\"fusion-column-wrapper fusion-flex-column-wrapper-legacy\"><div class=\"fusion-text fusion-text-1\"><p><img decoding=\"async\" class=\"alignnone size-full wp-image-30\" src=\"http:\/\/renelledesign.com\/wp-content\/uploads\/photo_renelle..jpg\" alt=\"photo_renelle.\" width=\"184\" height=\"197\" \/><\/p>\n<\/div><div class=\"fusion-sep-clear\"><\/div><div class=\"fusion-separator fusion-full-width-sep\" style=\"margin-left: auto;margin-right: auto;margin-top:5px;margin-bottom:5px;width:100%;\"><\/div><div class=\"fusion-sep-clear\"><\/div><div class=\"fusion-clearfix\"><\/div><\/div><\/div><div class=\"fusion-layout-column fusion_builder_column fusion-builder-column-1 fusion_builder_column_3_4 3_4 fusion-three-fourth fusion-column-last\" style=\"--awb-bg-blend:overlay;--awb-bg-size:cover;width:75%;width:calc(75% - ( ( 4% ) * 0.75 ) );\"><div class=\"fusion-column-wrapper fusion-flex-column-wrapper-legacy\"><div class=\"fusion-text fusion-text-2\"><h2>Renelle Lalibert\u00e9<\/h2>\n<p>D\u00e9coratrice int\u00e9rieure et propri\u00e9taire de la firme Renelle Design, Renelle Lalibert\u00e9 est une professionnelle du design, passionn\u00e9e qui aime transformer et embellir. Qu\u2019il s\u2019agisse de maisons priv\u00e9es, de chambres individuelles, de meubles, de traitement de fen\u00eatres ou de simples accessoires, Renelle apporte du style \u00e0 tout ce qu&#8217;elle touche. Elle travaille sur une multitude de projets et utilise une vari\u00e9t\u00e9 de styles. <\/p>\n<p>Sa philosophie?&#8230;Service et attention&#8230; \u2018Chez Renelle Design, nous cr\u00e9ons des concepts qui guident les gens et les aident \u00e0 exprimer leur inspiration et nous ex\u00e9cutons avec soin, d\u00e9vouement, et surtout avec une attention particuli\u00e8re aux d\u00e9tails qui donne confiance \u00e0 nos clients.\u2019<\/p>\n<p>Renelle provient du monde de la mode et elle b\u00e9n\u00e9ficie d\u2019une forte exp\u00e9rience en construction et en gestion d&#8217;entreprises. Sa passion pour le design a d\u00e9but\u00e9e il y a plus de 20 ans alors qu\u2019elle \u00e9tait directrice des ventes pour un promoteur immobilier Montr\u00e9alais qui b\u00e2tissait des tours de condominium de prestige. Elle y a perfectionn\u00e9 son expertise au niveau de la construction, la m\u00e9canique de b\u00e2timents et du design. Son succ\u00e8s ant\u00e9rieur a surtout \u00e9t\u00e9 attribu\u00e9 \u00e0 son flair et \u00e0 sa capacit\u00e9 naturelle \u00e0 \u00e9voquer la beaut\u00e9. Son \u00e9volution vers le monde du design \u00e9tait tout \u00e0 fait naturelle puisqu\u2019elle en \u00e9tait passionn\u00e9e depuis plusieurs ann\u00e9es.<\/p>\n<\/div><div class=\"fusion-clearfix\"><\/div><\/div><\/div><div class=\"fusion-layout-column fusion_builder_column fusion-builder-column-2 fusion_builder_column_1_1 1_1 fusion-one-full fusion-column-first fusion-column-last fusion-column-no-min-height\" style=\"--awb-bg-size:cover;--awb-margin-bottom:0px;\"><div class=\"fusion-column-wrapper fusion-flex-column-wrapper-legacy\"><div class=\"fusion-sep-clear\"><\/div><div class=\"fusion-separator fusion-full-width-sep\" style=\"margin-left: auto;margin-right: auto;margin-top:20px;margin-bottom:40px;width:100%;\"><div class=\"fusion-separator-border sep-shadow\" style=\"--awb-height:20px;--awb-amount:20px;background:radial-gradient(ellipse at 50% -50% , #e0dede 0px, rgba(255, 255, 255, 0) 80%) repeat scroll 0 0 rgba(0, 0, 0, 0);background:-webkit-radial-gradient(ellipse at 50% -50% , #e0dede 0px, rgba(255, 255, 255, 0) 80%) repeat scroll 0 0 rgba(0, 0, 0, 0);background:-moz-radial-gradient(ellipse at 50% -50% , #e0dede 0px, rgba(255, 255, 255, 0) 80%) repeat scroll 0 0 rgba(0, 0, 0, 0);background:-o-radial-gradient(ellipse at 50% -50% , #e0dede 0px, rgba(255, 255, 255, 0) 80%) repeat scroll 0 0 rgba(0, 0, 0, 0);\"><\/div><\/div><div class=\"fusion-sep-clear\"><\/div><div class=\"fusion-text fusion-text-3\"><h2>T\u00e9moignages<\/h2>\n<blockquote>\n<p>Le hasard nous a apport\u00e9 \u00e0 travailler ensemble mais les r\u00e9sultats \u00e9taient bien calcul\u00e9s! Renelle nous a permis de transformer notre projet dans une simple maison de location pour travailleurs \u00e0 une tr\u00e8s belle maison qui a maintenant une personnalit\u00e9 et une histoire \u00e0 raconter. Ses id\u00e9es sont excellentes et elle est surtout pr\u00eate \u00e0 respecter nos budgets. Elle est \u00e0 l&#8217;\u00e9coute \u00e0 nos besoins et toujours pr\u00eate \u00e0 trouver des nouvelles solutions. Merci beaucoup pour tout ton travail, nous en sommes bien reconnaissants.<\/p>\n<p>Renelle has done an incredible work to transform this simple project into a work of art. She was able to coach us along the way so we understood where she was going and how we could bring our own ideas in the planning. She is passionate about her work and it&#8217;s a pleasure working with her.<\/p>\n<p>Nicole Guertin \u2013 Propri\u00e9taire, Les Suites des Presidents &amp; La Maison des Prospecteurs<\/p>\n<\/blockquote>\n<\/div><div class=\"fusion-sep-clear\"><\/div><div class=\"fusion-separator fusion-full-width-sep\" style=\"margin-left: auto;margin-right: auto;margin-top:20px;margin-bottom:20px;width:100%;\"><\/div><div class=\"fusion-sep-clear\"><\/div><div class=\"fusion-text fusion-text-4\"><blockquote>\n<p>Renelle has been fabulous to work with on all levels! Her ability to read me was akin to her having a sixth sense and she delivered exactly what I had dreamed of.  Throughout our projects together she has demonstrated professionalism, empathy, patience and unbelievable expertise!  Her creative ability allows her to be mindful of budget while still delivering exquisite designs! Thank you!<\/p>\n<p>Cynthia Bilodeau,PhD (Ed) Professeure Adjointe| Assistant professor \u00c9cole de Counselling, de Psychoth\u00e9rapie et de Spiritualit\u00e9<br \/>\nSchool of Counselling, Psychotherapy and Spirituality Universit\u00e9 Saint-Paul | Saint Paul University <\/p>\n<\/blockquote>\n<\/div><div class=\"fusion-sep-clear\"><\/div><div class=\"fusion-separator fusion-full-width-sep\" style=\"margin-left: auto;margin-right: auto;margin-top:20px;margin-bottom:20px;width:100%;\"><\/div><div class=\"fusion-sep-clear\"><\/div><div class=\"fusion-text fusion-text-5\"><blockquote>\n<p>We have used Renelle on 3 significant projects, including a new condo that we had to downsize to. This was very challenging and she delivered during this stressful time. I have found her to be very creative and effective. We were looking for a shabby chic look that is contemporary and warm with a European flair. She has delivered every time. She is very reliable, professional and strives to please. On top of all of that you can tell she LOVES her work and is very passionate.<\/p>\n<p>Renelle is also easy to work with and will try to make things right if you are not pleased. This is very important when it comes to a designer. She is also very conscious of budget. Highly recommend!<\/p>\n<p>Cindy Crean &#8211; Managing Director at Sun Life Global Investments<\/p>\n<\/blockquote>\n<\/div><div class=\"fusion-sep-clear\"><\/div><div class=\"fusion-separator fusion-full-width-sep\" style=\"margin-left: auto;margin-right: auto;margin-top:20px;margin-bottom:20px;width:100%;\"><\/div><div class=\"fusion-sep-clear\"><\/div><div class=\"fusion-text fusion-text-6\"><blockquote>\n<p>It was a pleasure working with Renelle. She is very attentive of your needs, she provided me with more than just one option, and ultimately made my vision a reality. She is very detail oriented, and her creativity is unbelievable. I would most definitely recommend Renelle without any hesitation.<\/p>\n<p>Bernard Thibault \u2013 owner of Bernard Thibault Floral Artistry<\/p>\n<\/blockquote>\n<\/div><div class=\"fusion-sep-clear\"><\/div><div class=\"fusion-separator fusion-full-width-sep\" style=\"margin-left: auto;margin-right: auto;margin-top:20px;margin-bottom:20px;width:100%;\"><\/div><div class=\"fusion-sep-clear\"><\/div><div class=\"fusion-text fusion-text-7\"><blockquote>\n<p>Elle a fait un travail remarquable malgr\u00e9 le petit budget que l&#8217;on avait. Elle est professionnelle et disponible, je la recommande \u00e0 100%.<\/p>\n<p>Vickie Longpr\u00e9 &#8211; Human Resources Coordinator at National Bank of Canada<\/p>\n<\/blockquote>\n<\/div><div class=\"fusion-sep-clear\"><\/div><div class=\"fusion-separator fusion-full-width-sep\" style=\"margin-left: auto;margin-right: auto;margin-top:20px;margin-bottom:20px;width:100%;\"><\/div><div class=\"fusion-sep-clear\"><\/div><div class=\"fusion-text fusion-text-8\"><blockquote>\n<p>J\u2019ai eu un plaisir \u00e0  travailler avec Renelle  dans le cadre de l\u2019organisation d\u2019une conf\u00e9rence de renomm\u00e9e et d\u2019un atelier sur le design compte tenu de sa cr\u00e9ativit\u00e9, son dynamisme, son professionnalisme et  sa  capacit\u00e9 notoire d\u2019organisation. De plus, son atelier a \u00e9t\u00e9 des plus inspirant et o\u00f9  elle a su captiver son audience. Je n\u2019h\u00e9siterais pas \u00e0 lui confier mes projets de r\u00e9novations.<\/p>\n<p>Jean-Fran\u00e7ois Rose<\/p>\n<\/blockquote>\n<\/div><div class=\"fusion-sep-clear\"><\/div><div class=\"fusion-separator fusion-full-width-sep\" style=\"margin-left: auto;margin-right: auto;margin-top:20px;margin-bottom:20px;width:100%;\"><\/div><div class=\"fusion-sep-clear\"><\/div><div class=\"fusion-text fusion-text-9\"><blockquote>\n<p>Renelle&#8230;. I love my house! It is all a bit of blur now having started school at the same time that all this was done. I remember thinking I needed to call you and tell you how much your advice was so helpful. I have sung your praises with many since&#8230; The colour that you suggested for the living room, dining room (all over ) seemed so light, so white but I went with it and it is beautiful..stunning&#8230;.at first I thought it was a tad yellow but now it is beautifully warm and just what I wanted. Without your advice I would have gone darker and had the same light problem, but you were right and I am so happy that I sought your advice. First of all your confirmation that I should paint the wood paint made me feel less guilty and secondly, your suggestion that I paint the risers was so correct. Even the poor painters agreed&#8230;.I enjoyed our session and would love to have you come back and see my house and make more suggestions&#8230;.<\/p>\n<p>Katherine<\/p>\n<\/blockquote>\n<\/div><div class=\"fusion-sep-clear\"><\/div><div class=\"fusion-separator fusion-full-width-sep\" style=\"margin-left: auto;margin-right: auto;margin-top:20px;margin-bottom:20px;width:100%;\"><\/div><div class=\"fusion-sep-clear\"><\/div><div class=\"fusion-text fusion-text-10\"><blockquote>\n<p>In the time she spent as Regional Manager at Bikini Bay, her level of work was always at the highest possible standard. Renelle excelled at communicating with her staff, at merchandising and visually displaying all the stores in the company. Her level of professionalism, integrity and work ethic are second to none. Under her leadership, the business thrived, and I had a huge weight lifted off my shoulders. I would like to recommend and endorse Renelle, as I know she gives every project her all, and anybody would be lucky to have her work with you.<\/p>\n<p>Bo Kisliuk &#8211; President at Bikini Bay<\/p>\n<\/blockquote>\n<\/div><div class=\"fusion-clearfix\"><\/div><\/div><\/div><\/div><\/div>\n","protected":false},"excerpt":{"rendered":"","protected":false},"author":2,"featured_media":0,"parent":0,"menu_order":2,"comment_status":"closed","ping_status":"closed","template":"","meta":{"footnotes":""},"class_list":["post-12","page","type-page","status-publish","hentry"],"yoast_head":"<!-- This site is optimized with the Yoast SEO plugin v27.4 - https:\/\/yoast.com\/product\/yoast-seo-wordpress\/ -->\n<title>Profil - Renelle Design - Toronto<\/title>\n<meta name=\"robots\" content=\"index, follow, max-snippet:-1, max-image-preview:large, max-video-preview:-1\" \/>\n<link rel=\"canonical\" href=\"https:\/\/renelledesign.com\/fr\/profil\/\" \/>\n<meta property=\"og:locale\" content=\"en_US\" \/>\n<meta property=\"og:type\" content=\"article\" \/>\n<meta property=\"og:title\" content=\"Profil - Renelle Design - Toronto\" \/>\n<meta property=\"og:url\" content=\"https:\/\/renelledesign.com\/fr\/profil\/\" \/>\n<meta property=\"og:site_name\" content=\"Renelle Design - Toronto\" \/>\n<meta property=\"article:modified_time\" content=\"2022-04-12T20:03:33+00:00\" \/>\n<meta property=\"og:image\" content=\"http:\/\/renelledesign.com\/wp-content\/uploads\/photo_renelle..jpg\" \/>\n<meta name=\"twitter:label1\" content=\"Est. reading time\" \/>\n\t<meta name=\"twitter:data1\" content=\"7 minutes\" \/>\n<script type=\"application\/ld+json\" class=\"yoast-schema-graph\">{\"@context\":\"https:\\\/\\\/schema.org\",\"@graph\":[{\"@type\":\"WebPage\",\"@id\":\"https:\\\/\\\/renelledesign.com\\\/fr\\\/profil\\\/\",\"url\":\"https:\\\/\\\/renelledesign.com\\\/fr\\\/profil\\\/\",\"name\":\"Profil - Renelle Design - Toronto\",\"isPartOf\":{\"@id\":\"https:\\\/\\\/renelledesign.com\\\/fr\\\/#website\"},\"primaryImageOfPage\":{\"@id\":\"https:\\\/\\\/renelledesign.com\\\/fr\\\/profil\\\/#primaryimage\"},\"image\":{\"@id\":\"https:\\\/\\\/renelledesign.com\\\/fr\\\/profil\\\/#primaryimage\"},\"thumbnailUrl\":\"http:\\\/\\\/renelledesign.com\\\/wp-content\\\/uploads\\\/photo_renelle..jpg\",\"datePublished\":\"2014-08-05T14:17:44+00:00\",\"dateModified\":\"2022-04-12T20:03:33+00:00\",\"breadcrumb\":{\"@id\":\"https:\\\/\\\/renelledesign.com\\\/fr\\\/profil\\\/#breadcrumb\"},\"inLanguage\":\"en-US\",\"potentialAction\":[{\"@type\":\"ReadAction\",\"target\":[\"https:\\\/\\\/renelledesign.com\\\/fr\\\/profil\\\/\"]}]},{\"@type\":\"ImageObject\",\"inLanguage\":\"en-US\",\"@id\":\"https:\\\/\\\/renelledesign.com\\\/fr\\\/profil\\\/#primaryimage\",\"url\":\"http:\\\/\\\/renelledesign.com\\\/wp-content\\\/uploads\\\/photo_renelle..jpg\",\"contentUrl\":\"http:\\\/\\\/renelledesign.com\\\/wp-content\\\/uploads\\\/photo_renelle..jpg\"},{\"@type\":\"BreadcrumbList\",\"@id\":\"https:\\\/\\\/renelledesign.com\\\/fr\\\/profil\\\/#breadcrumb\",\"itemListElement\":[{\"@type\":\"ListItem\",\"position\":1,\"name\":\"Home\",\"item\":\"https:\\\/\\\/renelledesign.com\\\/fr\\\/\"},{\"@type\":\"ListItem\",\"position\":2,\"name\":\"Profil\"}]},{\"@type\":\"WebSite\",\"@id\":\"https:\\\/\\\/renelledesign.com\\\/fr\\\/#website\",\"url\":\"https:\\\/\\\/renelledesign.com\\\/fr\\\/\",\"name\":\"Renelle Design - Toronto\",\"description\":\"Renelle Design - Toronto\",\"potentialAction\":[{\"@type\":\"SearchAction\",\"target\":{\"@type\":\"EntryPoint\",\"urlTemplate\":\"https:\\\/\\\/renelledesign.com\\\/fr\\\/?s={search_term_string}\"},\"query-input\":{\"@type\":\"PropertyValueSpecification\",\"valueRequired\":true,\"valueName\":\"search_term_string\"}}],\"inLanguage\":\"en-US\"}]}<\/script>\n<!-- \/ Yoast SEO plugin. -->","yoast_head_json":{"title":"Profil - Renelle Design - Toronto","robots":{"index":"index","follow":"follow","max-snippet":"max-snippet:-1","max-image-preview":"max-image-preview:large","max-video-preview":"max-video-preview:-1"},"canonical":"https:\/\/renelledesign.com\/fr\/profil\/","og_locale":"en_US","og_type":"article","og_title":"Profil - Renelle Design - Toronto","og_url":"https:\/\/renelledesign.com\/fr\/profil\/","og_site_name":"Renelle Design - Toronto","article_modified_time":"2022-04-12T20:03:33+00:00","og_image":[{"url":"http:\/\/renelledesign.com\/wp-content\/uploads\/photo_renelle..jpg","type":"","width":"","height":""}],"twitter_misc":{"Est. reading time":"7 minutes"},"schema":{"@context":"https:\/\/schema.org","@graph":[{"@type":"WebPage","@id":"https:\/\/renelledesign.com\/fr\/profil\/","url":"https:\/\/renelledesign.com\/fr\/profil\/","name":"Profil - Renelle Design - Toronto","isPartOf":{"@id":"https:\/\/renelledesign.com\/fr\/#website"},"primaryImageOfPage":{"@id":"https:\/\/renelledesign.com\/fr\/profil\/#primaryimage"},"image":{"@id":"https:\/\/renelledesign.com\/fr\/profil\/#primaryimage"},"thumbnailUrl":"http:\/\/renelledesign.com\/wp-content\/uploads\/photo_renelle..jpg","datePublished":"2014-08-05T14:17:44+00:00","dateModified":"2022-04-12T20:03:33+00:00","breadcrumb":{"@id":"https:\/\/renelledesign.com\/fr\/profil\/#breadcrumb"},"inLanguage":"en-US","potentialAction":[{"@type":"ReadAction","target":["https:\/\/renelledesign.com\/fr\/profil\/"]}]},{"@type":"ImageObject","inLanguage":"en-US","@id":"https:\/\/renelledesign.com\/fr\/profil\/#primaryimage","url":"http:\/\/renelledesign.com\/wp-content\/uploads\/photo_renelle..jpg","contentUrl":"http:\/\/renelledesign.com\/wp-content\/uploads\/photo_renelle..jpg"},{"@type":"BreadcrumbList","@id":"https:\/\/renelledesign.com\/fr\/profil\/#breadcrumb","itemListElement":[{"@type":"ListItem","position":1,"name":"Home","item":"https:\/\/renelledesign.com\/fr\/"},{"@type":"ListItem","position":2,"name":"Profil"}]},{"@type":"WebSite","@id":"https:\/\/renelledesign.com\/fr\/#website","url":"https:\/\/renelledesign.com\/fr\/","name":"Renelle Design - Toronto","description":"Renelle Design - Toronto","potentialAction":[{"@type":"SearchAction","target":{"@type":"EntryPoint","urlTemplate":"https:\/\/renelledesign.com\/fr\/?s={search_term_string}"},"query-input":{"@type":"PropertyValueSpecification","valueRequired":true,"valueName":"search_term_string"}}],"inLanguage":"en-US"}]}},"_links":{"self":[{"href":"https:\/\/renelledesign.com\/fr\/wp-json\/wp\/v2\/pages\/12","targetHints":{"allow":["GET"]}}],"collection":[{"href":"https:\/\/renelledesign.com\/fr\/wp-json\/wp\/v2\/pages"}],"about":[{"href":"https:\/\/renelledesign.com\/fr\/wp-json\/wp\/v2\/types\/page"}],"author":[{"embeddable":true,"href":"https:\/\/renelledesign.com\/fr\/wp-json\/wp\/v2\/users\/2"}],"replies":[{"embeddable":true,"href":"https:\/\/renelledesign.com\/fr\/wp-json\/wp\/v2\/comments?post=12"}],"version-history":[{"count":0,"href":"https:\/\/renelledesign.com\/fr\/wp-json\/wp\/v2\/pages\/12\/revisions"}],"wp:attachment":[{"href":"https:\/\/renelledesign.com\/fr\/wp-json\/wp\/v2\/media?parent=12"}],"curies":[{"name":"wp","href":"https:\/\/api.w.org\/{rel}","templated":true}]}}