{"id":18,"date":"2014-08-05T10:18:47","date_gmt":"2014-08-05T14:18:47","guid":{"rendered":"http:\/\/renelledesign.com\/fr\/?page_id=18"},"modified":"2022-04-12T16:04:26","modified_gmt":"2022-04-12T20:04:26","slug":"presse","status":"publish","type":"page","link":"https:\/\/renelledesign.com\/fr\/presse\/","title":{"rendered":"Presse"},"content":{"rendered":"<p><div class=\"fusion-fullwidth fullwidth-box fusion-builder-row-1 nonhundred-percent-fullwidth non-hundred-percent-height-scrolling\" style=\"--awb-border-radius-top-left:0px;--awb-border-radius-top-right:0px;--awb-border-radius-bottom-right:0px;--awb-border-radius-bottom-left:0px;--awb-flex-wrap:wrap;\" ><div class=\"fusion-builder-row fusion-row\"><div class=\"fusion-layout-column fusion_builder_column fusion-builder-column-0 fusion_builder_column_1_1 1_1 fusion-one-full fusion-column-first fusion-column-last\" style=\"--awb-bg-size:cover;--awb-margin-bottom:0px;\"><div class=\"fusion-column-wrapper fusion-flex-column-wrapper-legacy\"><div class=\"fusion-text fusion-text-1\"><h2>The Lumber Baron&#8217;s House Press<\/h2>\n<p><img decoding=\"async\" class=\"alignnone size-full wp-image-603\" src=\"http:\/\/renelledesign.com\/wp-content\/uploads\/weekender-lumber-baron-900.jpg\" alt=\"weekender-lumber-baron-900\" width=\"900\" height=\"686\" \/><\/p>\n<\/div><div class=\"fusion-clearfix\"><\/div><\/div><\/div><\/div><\/div><div class=\"fusion-fullwidth fullwidth-box fusion-builder-row-2 hundred-percent-fullwidth non-hundred-percent-height-scrolling\" style=\"--awb-border-radius-top-left:0px;--awb-border-radius-top-right:0px;--awb-border-radius-bottom-right:0px;--awb-border-radius-bottom-left:0px;--awb-overflow:visible;--awb-margin-top:30px;--awb-background-color:rgba(255,255,255,0);--awb-flex-wrap:wrap;\" ><div class=\"fusion-builder-row fusion-row\"><div class=\"fusion-layout-column fusion_builder_column fusion-builder-column-1 fusion_builder_column_1_1 1_1 fusion-one-full fusion-column-first fusion-column-last fusion-column-no-min-height\" style=\"--awb-bg-size:cover;--awb-margin-bottom:0px;\"><div class=\"fusion-column-wrapper fusion-flex-column-wrapper-legacy\"><div class=\"fusion-sep-clear\"><\/div><div class=\"fusion-separator fusion-full-width-sep\" style=\"margin-left: auto;margin-right: auto;width:100%;\"><div class=\"fusion-separator-border sep-single\" style=\"--awb-height:20px;--awb-amount:20px;border-color:#e0dede;border-top-width:1px;\"><\/div><\/div><div class=\"fusion-sep-clear\"><\/div><div class=\"fusion-text fusion-text-2\"><h2>Presse des Prospecteurs<\/h2>\n<p><img decoding=\"async\" class=\"alignnone size-full wp-image-579\" src=\"http:\/\/renelledesign.com\/wp-content\/uploads\/Progress-Feb4-2015-900.jpg\" alt=\"Progress-Feb4-2015-900\" width=\"900\" height=\"491\" \/><\/p>\n<\/div><div class=\"fusion-clearfix\"><\/div><\/div><\/div><\/div><\/div><div class=\"fusion-fullwidth fullwidth-box fusion-builder-row-3 hundred-percent-fullwidth non-hundred-percent-height-scrolling\" style=\"--awb-border-radius-top-left:0px;--awb-border-radius-top-right:0px;--awb-border-radius-bottom-right:0px;--awb-border-radius-bottom-left:0px;--awb-overflow:visible;--awb-margin-top:30px;--awb-background-color:rgba(255,255,255,0);--awb-flex-wrap:wrap;\" ><div class=\"fusion-builder-row fusion-row\"><div class=\"fusion-layout-column fusion_builder_column fusion-builder-column-2 fusion_builder_column_1_1 1_1 fusion-one-full fusion-column-first fusion-column-last fusion-column-no-min-height\" style=\"--awb-bg-size:cover;--awb-margin-bottom:0px;\"><div class=\"fusion-column-wrapper fusion-flex-column-wrapper-legacy\"><div class=\"fusion-sep-clear\"><\/div><div class=\"fusion-separator fusion-full-width-sep\" style=\"margin-left: auto;margin-right: auto;width:100%;\"><div class=\"fusion-separator-border sep-single\" style=\"--awb-height:20px;--awb-amount:20px;border-color:#e0dede;border-top-width:1px;\"><\/div><\/div><div class=\"fusion-sep-clear\"><\/div><div class=\"fusion-text fusion-text-3\"><p><a href=\"https:\/\/docs.google.com\/file\/d\/0B0YRKJRTGoijMGRzZWhBV3FNZGc\/edit\" target=\"_blank\" rel=\"noopener\"><img decoding=\"async\" class=\"alignleft size-medium wp-image-367\" src=\"http:\/\/renelledesign.com\/wp-content\/uploads\/p-press-600x271.jpg\" alt=\"p-press\" width=\"600\" height=\"271\" \/><\/a><\/p>\n<p><span style=\"color: #cc0000; font-size: large;\">Article du Weekender<\/span><\/p>\n<p>Cet article raconte l&#8217;histoire du jeu de m\u00e9moire et de &#8216;Guess who&#8217; qui se retrouve dans la B&amp;B ou les pi\u00e8ces artistiques cr\u00e9es par Laura Landers ont \u00e9t\u00e9 transf\u00e9r\u00e9es sur des blocs de bois et attach\u00e9es a des p\u00f4les verticales. Ces cr\u00e9ations ont \u00e9t\u00e9 utilis\u00e9es \u00e9galement pour le livre a colorier et le jeu de m\u00e9moire. L&#8217;article \u00e9labore \u00e9galement sur le concept de design de La Maison Des Prospecteurs.<\/p>\n<\/div><div class=\"fusion-clearfix\"><\/div><\/div><\/div><\/div><\/div><div class=\"fusion-fullwidth fullwidth-box fusion-builder-row-4 hundred-percent-fullwidth non-hundred-percent-height-scrolling\" style=\"--awb-border-radius-top-left:0px;--awb-border-radius-top-right:0px;--awb-border-radius-bottom-right:0px;--awb-border-radius-bottom-left:0px;--awb-overflow:visible;--awb-margin-top:30px;--awb-background-color:rgba(255,255,255,0);--awb-flex-wrap:wrap;\" ><div class=\"fusion-builder-row fusion-row\"><div class=\"fusion-layout-column fusion_builder_column fusion-builder-column-3 fusion_builder_column_1_1 1_1 fusion-one-full fusion-column-first fusion-column-last fusion-column-no-min-height\" style=\"--awb-bg-size:cover;--awb-margin-bottom:0px;\"><div class=\"fusion-column-wrapper fusion-flex-column-wrapper-legacy\"><div class=\"fusion-sep-clear\"><\/div><div class=\"fusion-separator fusion-full-width-sep\" style=\"margin-left: auto;margin-right: auto;width:100%;\"><div class=\"fusion-separator-border sep-single\" style=\"--awb-height:20px;--awb-amount:20px;border-color:#e0dede;border-top-width:1px;\"><\/div><\/div><div class=\"fusion-sep-clear\"><\/div><div class=\"fusion-text fusion-text-4\"><p><a href=\"http:\/\/www.northernontariobusiness.com\/Regional-News\/Temiskaming-and-Region\/2014\/03\/Hotelier-looks-to-drum-up-interest-in-mining-history.aspx?fb_action_ids=10152374239987845&amp;fb_action_types=og.likes&amp;fb_ref=.UzMeuFqL3_c.like&amp;fb_source=aggregation&amp;fb_aggregation_id=288381481237582\" target=\"_blank\" rel=\"noopener\"><img decoding=\"async\" class=\"alignleft size-full wp-image-379\" src=\"http:\/\/renelledesign.com\/wp-content\/uploads\/press-page-ross.jpg\" alt=\"press-page-ross\" width=\"200\" height=\"150\" \/><span style=\"color: #cc0000; font-size: large;\">Northern Ontario Business<\/span><\/a><\/p>\n<p>Ne manquez pas l&#8217;article du Northern Ontario Business de Ian Ross.<\/p>\n<p>Il parle de l&#8217;histoire et du concept de la Maison Des Prospecteurs.<\/p>\n<\/div><div class=\"fusion-clearfix\"><\/div><\/div><\/div><\/div><\/div><div class=\"fusion-fullwidth fullwidth-box fusion-builder-row-5 hundred-percent-fullwidth non-hundred-percent-height-scrolling\" style=\"--awb-border-radius-top-left:0px;--awb-border-radius-top-right:0px;--awb-border-radius-bottom-right:0px;--awb-border-radius-bottom-left:0px;--awb-overflow:visible;--awb-margin-top:30px;--awb-background-color:rgba(255,255,255,0);--awb-flex-wrap:wrap;\" ><div class=\"fusion-builder-row fusion-row\"><div class=\"fusion-layout-column fusion_builder_column fusion-builder-column-4 fusion_builder_column_1_1 1_1 fusion-one-full fusion-column-first fusion-column-last fusion-column-no-min-height\" style=\"--awb-bg-size:cover;--awb-margin-bottom:0px;\"><div class=\"fusion-column-wrapper fusion-flex-column-wrapper-legacy\"><div class=\"fusion-sep-clear\"><\/div><div class=\"fusion-separator fusion-full-width-sep\" style=\"margin-left: auto;margin-right: auto;width:100%;\"><div class=\"fusion-separator-border sep-single\" style=\"--awb-height:20px;--awb-amount:20px;border-color:#e0dede;border-top-width:1px;\"><\/div><\/div><div class=\"fusion-sep-clear\"><\/div><div class=\"fusion-clearfix\"><\/div><\/div><\/div><\/div><\/div><\/p>\n","protected":false},"excerpt":{"rendered":"","protected":false},"author":2,"featured_media":0,"parent":0,"menu_order":8,"comment_status":"closed","ping_status":"closed","template":"","meta":{"footnotes":""},"class_list":["post-18","page","type-page","status-publish","hentry"],"yoast_head":"<!-- This site is optimized with the Yoast SEO plugin v27.4 - https:\/\/yoast.com\/product\/yoast-seo-wordpress\/ -->\n<title>Presse - Renelle Design - Toronto<\/title>\n<meta name=\"robots\" content=\"index, follow, max-snippet:-1, max-image-preview:large, max-video-preview:-1\" \/>\n<link rel=\"canonical\" href=\"https:\/\/renelledesign.com\/fr\/presse\/\" \/>\n<meta property=\"og:locale\" content=\"en_US\" \/>\n<meta property=\"og:type\" content=\"article\" \/>\n<meta property=\"og:title\" content=\"Presse - Renelle Design - Toronto\" \/>\n<meta property=\"og:url\" content=\"https:\/\/renelledesign.com\/fr\/presse\/\" \/>\n<meta property=\"og:site_name\" content=\"Renelle Design - Toronto\" \/>\n<meta property=\"article:modified_time\" content=\"2022-04-12T20:04:26+00:00\" \/>\n<meta property=\"og:image\" content=\"http:\/\/renelledesign.com\/wp-content\/uploads\/weekender-lumber-baron-900.jpg\" \/>\n<meta name=\"twitter:label1\" content=\"Est. reading time\" \/>\n\t<meta name=\"twitter:data1\" content=\"3 minutes\" \/>\n<script type=\"application\/ld+json\" class=\"yoast-schema-graph\">{\"@context\":\"https:\\\/\\\/schema.org\",\"@graph\":[{\"@type\":\"WebPage\",\"@id\":\"https:\\\/\\\/renelledesign.com\\\/fr\\\/presse\\\/\",\"url\":\"https:\\\/\\\/renelledesign.com\\\/fr\\\/presse\\\/\",\"name\":\"Presse - Renelle Design - Toronto\",\"isPartOf\":{\"@id\":\"https:\\\/\\\/renelledesign.com\\\/fr\\\/#website\"},\"primaryImageOfPage\":{\"@id\":\"https:\\\/\\\/renelledesign.com\\\/fr\\\/presse\\\/#primaryimage\"},\"image\":{\"@id\":\"https:\\\/\\\/renelledesign.com\\\/fr\\\/presse\\\/#primaryimage\"},\"thumbnailUrl\":\"http:\\\/\\\/renelledesign.com\\\/wp-content\\\/uploads\\\/weekender-lumber-baron-900.jpg\",\"datePublished\":\"2014-08-05T14:18:47+00:00\",\"dateModified\":\"2022-04-12T20:04:26+00:00\",\"breadcrumb\":{\"@id\":\"https:\\\/\\\/renelledesign.com\\\/fr\\\/presse\\\/#breadcrumb\"},\"inLanguage\":\"en-US\",\"potentialAction\":[{\"@type\":\"ReadAction\",\"target\":[\"https:\\\/\\\/renelledesign.com\\\/fr\\\/presse\\\/\"]}]},{\"@type\":\"ImageObject\",\"inLanguage\":\"en-US\",\"@id\":\"https:\\\/\\\/renelledesign.com\\\/fr\\\/presse\\\/#primaryimage\",\"url\":\"http:\\\/\\\/renelledesign.com\\\/wp-content\\\/uploads\\\/weekender-lumber-baron-900.jpg\",\"contentUrl\":\"http:\\\/\\\/renelledesign.com\\\/wp-content\\\/uploads\\\/weekender-lumber-baron-900.jpg\"},{\"@type\":\"BreadcrumbList\",\"@id\":\"https:\\\/\\\/renelledesign.com\\\/fr\\\/presse\\\/#breadcrumb\",\"itemListElement\":[{\"@type\":\"ListItem\",\"position\":1,\"name\":\"Home\",\"item\":\"https:\\\/\\\/renelledesign.com\\\/fr\\\/\"},{\"@type\":\"ListItem\",\"position\":2,\"name\":\"Presse\"}]},{\"@type\":\"WebSite\",\"@id\":\"https:\\\/\\\/renelledesign.com\\\/fr\\\/#website\",\"url\":\"https:\\\/\\\/renelledesign.com\\\/fr\\\/\",\"name\":\"Renelle Design - Toronto\",\"description\":\"Renelle Design - Toronto\",\"potentialAction\":[{\"@type\":\"SearchAction\",\"target\":{\"@type\":\"EntryPoint\",\"urlTemplate\":\"https:\\\/\\\/renelledesign.com\\\/fr\\\/?s={search_term_string}\"},\"query-input\":{\"@type\":\"PropertyValueSpecification\",\"valueRequired\":true,\"valueName\":\"search_term_string\"}}],\"inLanguage\":\"en-US\"}]}<\/script>\n<!-- \/ Yoast SEO plugin. -->","yoast_head_json":{"title":"Presse - Renelle Design - Toronto","robots":{"index":"index","follow":"follow","max-snippet":"max-snippet:-1","max-image-preview":"max-image-preview:large","max-video-preview":"max-video-preview:-1"},"canonical":"https:\/\/renelledesign.com\/fr\/presse\/","og_locale":"en_US","og_type":"article","og_title":"Presse - Renelle Design - Toronto","og_url":"https:\/\/renelledesign.com\/fr\/presse\/","og_site_name":"Renelle Design - Toronto","article_modified_time":"2022-04-12T20:04:26+00:00","og_image":[{"url":"http:\/\/renelledesign.com\/wp-content\/uploads\/weekender-lumber-baron-900.jpg","type":"","width":"","height":""}],"twitter_misc":{"Est. reading time":"3 minutes"},"schema":{"@context":"https:\/\/schema.org","@graph":[{"@type":"WebPage","@id":"https:\/\/renelledesign.com\/fr\/presse\/","url":"https:\/\/renelledesign.com\/fr\/presse\/","name":"Presse - Renelle Design - Toronto","isPartOf":{"@id":"https:\/\/renelledesign.com\/fr\/#website"},"primaryImageOfPage":{"@id":"https:\/\/renelledesign.com\/fr\/presse\/#primaryimage"},"image":{"@id":"https:\/\/renelledesign.com\/fr\/presse\/#primaryimage"},"thumbnailUrl":"http:\/\/renelledesign.com\/wp-content\/uploads\/weekender-lumber-baron-900.jpg","datePublished":"2014-08-05T14:18:47+00:00","dateModified":"2022-04-12T20:04:26+00:00","breadcrumb":{"@id":"https:\/\/renelledesign.com\/fr\/presse\/#breadcrumb"},"inLanguage":"en-US","potentialAction":[{"@type":"ReadAction","target":["https:\/\/renelledesign.com\/fr\/presse\/"]}]},{"@type":"ImageObject","inLanguage":"en-US","@id":"https:\/\/renelledesign.com\/fr\/presse\/#primaryimage","url":"http:\/\/renelledesign.com\/wp-content\/uploads\/weekender-lumber-baron-900.jpg","contentUrl":"http:\/\/renelledesign.com\/wp-content\/uploads\/weekender-lumber-baron-900.jpg"},{"@type":"BreadcrumbList","@id":"https:\/\/renelledesign.com\/fr\/presse\/#breadcrumb","itemListElement":[{"@type":"ListItem","position":1,"name":"Home","item":"https:\/\/renelledesign.com\/fr\/"},{"@type":"ListItem","position":2,"name":"Presse"}]},{"@type":"WebSite","@id":"https:\/\/renelledesign.com\/fr\/#website","url":"https:\/\/renelledesign.com\/fr\/","name":"Renelle Design - Toronto","description":"Renelle Design - Toronto","potentialAction":[{"@type":"SearchAction","target":{"@type":"EntryPoint","urlTemplate":"https:\/\/renelledesign.com\/fr\/?s={search_term_string}"},"query-input":{"@type":"PropertyValueSpecification","valueRequired":true,"valueName":"search_term_string"}}],"inLanguage":"en-US"}]}},"_links":{"self":[{"href":"https:\/\/renelledesign.com\/fr\/wp-json\/wp\/v2\/pages\/18","targetHints":{"allow":["GET"]}}],"collection":[{"href":"https:\/\/renelledesign.com\/fr\/wp-json\/wp\/v2\/pages"}],"about":[{"href":"https:\/\/renelledesign.com\/fr\/wp-json\/wp\/v2\/types\/page"}],"author":[{"embeddable":true,"href":"https:\/\/renelledesign.com\/fr\/wp-json\/wp\/v2\/users\/2"}],"replies":[{"embeddable":true,"href":"https:\/\/renelledesign.com\/fr\/wp-json\/wp\/v2\/comments?post=18"}],"version-history":[{"count":0,"href":"https:\/\/renelledesign.com\/fr\/wp-json\/wp\/v2\/pages\/18\/revisions"}],"wp:attachment":[{"href":"https:\/\/renelledesign.com\/fr\/wp-json\/wp\/v2\/media?parent=18"}],"curies":[{"name":"wp","href":"https:\/\/api.w.org\/{rel}","templated":true}]}}