{"id":34,"date":"2014-08-21T11:11:18","date_gmt":"2014-08-21T15:11:18","guid":{"rendered":"http:\/\/renelledesign.com\/fr\/?page_id=34"},"modified":"2022-04-12T16:03:55","modified_gmt":"2022-04-12T20:03:55","slug":"portfolio","status":"publish","type":"page","link":"https:\/\/renelledesign.com\/fr\/portfolio\/","title":{"rendered":"Portfolio"},"content":{"rendered":"<div class=\"fusion-fullwidth fullwidth-box fusion-builder-row-1 hundred-percent-fullwidth non-hundred-percent-height-scrolling\" style=\"--awb-border-radius-top-left:0px;--awb-border-radius-top-right:0px;--awb-border-radius-bottom-right:0px;--awb-border-radius-bottom-left:0px;--awb-overflow:visible;--awb-flex-wrap:wrap;\" ><div class=\"fusion-builder-row fusion-row\"><div class=\"fusion-layout-column fusion_builder_column fusion-builder-column-0 fusion_builder_column_1_1 1_1 fusion-one-full fusion-column-first fusion-column-last fusion-column-no-min-height\" style=\"--awb-bg-size:cover;--awb-margin-bottom:0px;\"><div class=\"fusion-column-wrapper fusion-flex-column-wrapper-legacy\"><style type=\"text\/css\">.fusion-portfolio-wrapper#fusion-portfolio-1 .fusion-portfolio-content{  text-align: left; }<\/style><div class=\"fusion-recent-works fusion-portfolio-element fusion-portfolio fusion-portfolio-1 fusion-portfolio-grid fusion-portfolio-paging-pagination fusion-portfolio-one fusion-portfolio-unboxed fusion-portfolio-text\" data-id=\"-rw-1\" data-columns=\"one\"><style type=\"text\/css\">.fusion-portfolio-1 .fusion-portfolio-wrapper .fusion-col-spacing{padding:15px;}<\/style><div class=\"fusion-portfolio-wrapper\" id=\"fusion-portfolio-1\" data-picturesize=\"full\" data-pages=\"1\" style=\"margin:-15px;\"><article id=\"portfolio-1-post-110\" class=\"fusion-portfolio-post fusion-col-spacing post-110\"><div class=\"fusion-portfolio-content-wrapper\" style=\"border:none;\"><div  class=\"fusion-image-wrapper\" aria-haspopup=\"true\">\n\t\t\t\t\t\t\t<a href=\"https:\/\/renelledesign.com\/fr\/portfolio-items\/le-condo\/\" aria-label=\"Le Condo\">\n\t\t\t\t\t\t\t<img decoding=\"async\" width=\"950\" height=\"634\" src=\"https:\/\/renelledesign.com\/fr\/wp-content\/uploads\/RenelleDesign_Condo_web-17.jpg\" class=\"attachment-full size-full wp-post-image\" alt=\"\" srcset=\"https:\/\/renelledesign.com\/fr\/wp-content\/uploads\/RenelleDesign_Condo_web-17-600x400.jpg 600w, https:\/\/renelledesign.com\/fr\/wp-content\/uploads\/RenelleDesign_Condo_web-17.jpg 950w\" sizes=\"(min-width: 2200px) 100vw, (min-width: 640px) 1200px, \" \/>\t\t\t<\/a>\n\t\t\t\t\t\t\t<\/div>\n<div class=\"fusion-portfolio-content\"><h2 class=\"fusion-post-title\"><a href=\"https:\/\/renelledesign.com\/fr\/portfolio-items\/le-condo\/\">Le Condo<\/a><\/h2><div class=\"fusion-post-content\"><p>Le Condo R\u00e9duire l\u2019espace dans lequel on vit peut s\u2019av\u00e9rer un r\u00e9el d\u00e9fi! Par ailleurs, une planification strat\u00e9gique, un \u0153il affin\u00e9 et beaucoup de flair peut \u00e9galement fournir une tranquillit\u00e9 d'esprit.  <\/p><div class=\"fusion-portfolio-buttons\"><a href=\"https:\/\/renelledesign.com\/fr\/portfolio-items\/le-condo\/\" class=\"fusion-button fusion-button-default fusion-button-default-size fusion-button-flat\">Learn More<\/a><\/div><\/div><\/div><\/div><div class=\"fusion-clearfix\"><\/div><div class=\"fusion-separator sep-double\"><\/div><\/article><article id=\"portfolio-1-post-106\" class=\"fusion-portfolio-post fusion-col-spacing post-106\"><div class=\"fusion-portfolio-content-wrapper\" style=\"border:none;\"><div  class=\"fusion-image-wrapper\" aria-haspopup=\"true\">\n\t\t\t\t\t\t\t<a href=\"https:\/\/renelledesign.com\/fr\/portfolio-items\/le-loft\/\" aria-label=\"Le Loft\">\n\t\t\t\t\t\t\t<img decoding=\"async\" width=\"950\" height=\"634\" src=\"https:\/\/renelledesign.com\/fr\/wp-content\/uploads\/RenelleDesign_Loft_web-27.jpg\" class=\"attachment-full size-full wp-post-image\" alt=\"\" srcset=\"https:\/\/renelledesign.com\/fr\/wp-content\/uploads\/RenelleDesign_Loft_web-27-600x400.jpg 600w, https:\/\/renelledesign.com\/fr\/wp-content\/uploads\/RenelleDesign_Loft_web-27.jpg 950w\" sizes=\"(min-width: 2200px) 100vw, (min-width: 640px) 1200px, \" \/>\t\t\t<\/a>\n\t\t\t\t\t\t\t<\/div>\n<div class=\"fusion-portfolio-content\"><h2 class=\"fusion-post-title\"><a href=\"https:\/\/renelledesign.com\/fr\/portfolio-items\/le-loft\/\">Le Loft<\/a><\/h2><div class=\"fusion-post-content\"><p>Le Loft Avoir un bureau de travail \u00e0 domicile est une priorit\u00e9 pour plusieurs de nos jours. La cl\u00e9 d\u2019un espace inspirant est qu\u2019il soit tout aussi invitant \u00e0 chaque saison.    <\/p><div class=\"fusion-portfolio-buttons\"><a href=\"https:\/\/renelledesign.com\/fr\/portfolio-items\/le-loft\/\" class=\"fusion-button fusion-button-default fusion-button-default-size fusion-button-flat\">Learn More<\/a><\/div><\/div><\/div><\/div><div class=\"fusion-clearfix\"><\/div><div class=\"fusion-separator sep-double\"><\/div><\/article><article id=\"portfolio-1-post-103\" class=\"fusion-portfolio-post fusion-col-spacing post-103\"><div class=\"fusion-portfolio-content-wrapper\" style=\"border:none;\"><div  class=\"fusion-image-wrapper\" aria-haspopup=\"true\">\n\t\t\t\t\t\t\t<a href=\"https:\/\/renelledesign.com\/fr\/portfolio-items\/la-maison-des-prospecteurs\/\" aria-label=\"La Maison des Prospecteurs\">\n\t\t\t\t\t\t\t<img decoding=\"async\" width=\"1024\" height=\"682\" src=\"https:\/\/renelledesign.com\/fr\/wp-content\/uploads\/exposio_0004.jpg\" class=\"attachment-full size-full wp-post-image\" alt=\"\" srcset=\"https:\/\/renelledesign.com\/fr\/wp-content\/uploads\/exposio_0004-600x399.jpg 600w, https:\/\/renelledesign.com\/fr\/wp-content\/uploads\/exposio_0004.jpg 1024w\" sizes=\"(min-width: 2200px) 100vw, (min-width: 640px) 1200px, \" \/>\t\t\t<\/a>\n\t\t\t\t\t\t\t<\/div>\n<div class=\"fusion-portfolio-content\"><h2 class=\"fusion-post-title\"><a href=\"https:\/\/renelledesign.com\/fr\/portfolio-items\/la-maison-des-prospecteurs\/\">La Maison des Prospecteurs<\/a><\/h2><div class=\"fusion-post-content\"><p>La Maison des Prospecteurs Une maison unifamiliale qui fut transform\u00e9e en gites et qui honore les prospecteurs qui y sont pass\u00e9s il y a plus de cent ans pour d\u00e9velopper la r\u00e9gion. \u00c0 travers, vision, engagement et talent, la maison des prospecteurs est un retour dans le\"temps, un cours d\u2019histoire et une tourn\u00e9e artistique. C\u2019est  [...]<\/p><div class=\"fusion-portfolio-buttons\"><a href=\"https:\/\/renelledesign.com\/fr\/portfolio-items\/la-maison-des-prospecteurs\/\" class=\"fusion-button fusion-button-default fusion-button-default-size fusion-button-flat\">Learn More<\/a><\/div><\/div><\/div><\/div><div class=\"fusion-clearfix\"><\/div><div class=\"fusion-separator sep-double\"><\/div><\/article><article id=\"portfolio-1-post-100\" class=\"fusion-portfolio-post fusion-col-spacing post-100\"><div class=\"fusion-portfolio-content-wrapper\" style=\"border:none;\"><div  class=\"fusion-image-wrapper\" aria-haspopup=\"true\">\n\t\t\t\t\t\t\t<a href=\"https:\/\/renelledesign.com\/fr\/portfolio-items\/le-den\/\" aria-label=\"Le Den\">\n\t\t\t\t\t\t\t<img decoding=\"async\" width=\"950\" height=\"634\" src=\"https:\/\/renelledesign.com\/fr\/wp-content\/uploads\/5-Drumlock-Ave-Renelle-Laliberte-04.jpg\" class=\"attachment-full size-full wp-post-image\" alt=\"\" srcset=\"https:\/\/renelledesign.com\/fr\/wp-content\/uploads\/5-Drumlock-Ave-Renelle-Laliberte-04-600x400.jpg 600w, https:\/\/renelledesign.com\/fr\/wp-content\/uploads\/5-Drumlock-Ave-Renelle-Laliberte-04.jpg 950w\" sizes=\"(min-width: 2200px) 100vw, (min-width: 640px) 1200px, \" \/>\t\t\t<\/a>\n\t\t\t\t\t\t\t<\/div>\n<div class=\"fusion-portfolio-content\"><h2 class=\"fusion-post-title\"><a href=\"https:\/\/renelledesign.com\/fr\/portfolio-items\/le-den\/\">Le Den<\/a><\/h2><div class=\"fusion-post-content\"><p>Le Den Il est tout \u00e0 fait possible d\u2019avoir plusieurs utilit\u00e9s pour une petite pi\u00e8ce. En modifiant les cabinets de coin de ce den pour des cabinets Rococo \u00e9troits, mais imposants en hauteur, la pi\u00e8ce est non seulement plus spacieuse, mais elle accommode \u00e9galement un bureau de travail.    <\/p><div class=\"fusion-portfolio-buttons\"><a href=\"https:\/\/renelledesign.com\/fr\/portfolio-items\/le-den\/\" class=\"fusion-button fusion-button-default fusion-button-default-size fusion-button-flat\">Learn More<\/a><\/div><\/div><\/div><\/div><div class=\"fusion-clearfix\"><\/div><div class=\"fusion-separator sep-double\"><\/div><\/article><article id=\"portfolio-1-post-96\" class=\"fusion-portfolio-post fusion-col-spacing post-96\"><div class=\"fusion-portfolio-content-wrapper\" style=\"border:none;\"><div  class=\"fusion-image-wrapper\" aria-haspopup=\"true\">\n\t\t\t\t\t\t\t<a href=\"https:\/\/renelledesign.com\/fr\/portfolio-items\/le-salon\/\" aria-label=\"Le salon\">\n\t\t\t\t\t\t\t<img decoding=\"async\" width=\"950\" height=\"631\" src=\"https:\/\/renelledesign.com\/fr\/wp-content\/uploads\/5-Drumoak-Ave-Renelle-Design-06.jpg\" class=\"attachment-full size-full wp-post-image\" alt=\"\" srcset=\"https:\/\/renelledesign.com\/fr\/wp-content\/uploads\/5-Drumoak-Ave-Renelle-Design-06-600x398.jpg 600w, https:\/\/renelledesign.com\/fr\/wp-content\/uploads\/5-Drumoak-Ave-Renelle-Design-06.jpg 950w\" sizes=\"(min-width: 2200px) 100vw, (min-width: 640px) 1200px, \" \/>\t\t\t<\/a>\n\t\t\t\t\t\t\t<\/div>\n<div class=\"fusion-portfolio-content\"><h2 class=\"fusion-post-title\"><a href=\"https:\/\/renelledesign.com\/fr\/portfolio-items\/le-salon\/\">Le salon<\/a><\/h2><div class=\"fusion-post-content\"><p>Le salon Lors de la planification de l\u2019espace et du d\u00e9cor, tout est important; le jumelage de textures, les accessoires et les \u0153uvres d\u2019art ainsi que la disposition des meubles. Ce salon est maintenant bien harmonieux et chaleureux.    <\/p><div class=\"fusion-portfolio-buttons\"><a href=\"https:\/\/renelledesign.com\/fr\/portfolio-items\/le-salon\/\" class=\"fusion-button fusion-button-default fusion-button-default-size fusion-button-flat\">Learn More<\/a><\/div><\/div><\/div><\/div><div class=\"fusion-clearfix\"><\/div><div class=\"fusion-separator sep-double\"><\/div><\/article><article id=\"portfolio-1-post-91\" class=\"fusion-portfolio-post fusion-col-spacing post-91\"><div class=\"fusion-portfolio-content-wrapper\" style=\"border:none;\"><div  class=\"fusion-image-wrapper\" aria-haspopup=\"true\">\n\t\t\t\t\t\t\t<a href=\"https:\/\/renelledesign.com\/fr\/portfolio-items\/lexterieur\/\" aria-label=\"L\u2019ext\u00e9rieur\">\n\t\t\t\t\t\t\t<img decoding=\"async\" width=\"950\" height=\"631\" src=\"https:\/\/renelledesign.com\/fr\/wp-content\/uploads\/image002.jpg\" class=\"attachment-full size-full wp-post-image\" alt=\"\" srcset=\"https:\/\/renelledesign.com\/fr\/wp-content\/uploads\/image002-600x398.jpg 600w, https:\/\/renelledesign.com\/fr\/wp-content\/uploads\/image002.jpg 950w\" sizes=\"(min-width: 2200px) 100vw, (min-width: 640px) 1200px, \" \/>\t\t\t<\/a>\n\t\t\t\t\t\t\t<\/div>\n<div class=\"fusion-portfolio-content\"><h2 class=\"fusion-post-title\"><a href=\"https:\/\/renelledesign.com\/fr\/portfolio-items\/lexterieur\/\">L\u2019ext\u00e9rieur<\/a><\/h2><div class=\"fusion-post-content\"><p>L\u2019ext\u00e9rieur Les espaces ext\u00e9rieurs de la maison sont tout aussi importants que le reste de la maison. Une bonne mise en place de meubles, de plantes et d\u2019accessoires peut vous donner l\u2019endroit id\u00e9al pour relaxer a la fin de la journ\u00e9e.    <\/p><div class=\"fusion-portfolio-buttons\"><a href=\"https:\/\/renelledesign.com\/fr\/portfolio-items\/lexterieur\/\" class=\"fusion-button fusion-button-default fusion-button-default-size fusion-button-flat\">Learn More<\/a><\/div><\/div><\/div><\/div><div class=\"fusion-clearfix\"><\/div><div class=\"fusion-separator sep-double\"><\/div><\/article><\/div><\/div><div class=\"fusion-clearfix\"><\/div><\/div><\/div><\/div><\/div>\n","protected":false},"excerpt":{"rendered":"","protected":false},"author":2,"featured_media":0,"parent":0,"menu_order":5,"comment_status":"closed","ping_status":"closed","template":"","meta":{"footnotes":""},"class_list":["post-34","page","type-page","status-publish","hentry"],"yoast_head":"<!-- This site is optimized with the Yoast SEO plugin v27.5 - https:\/\/yoast.com\/product\/yoast-seo-wordpress\/ -->\n<title>Portfolio - Renelle Design - Toronto<\/title>\n<meta name=\"robots\" content=\"index, follow, max-snippet:-1, max-image-preview:large, max-video-preview:-1\" \/>\n<link rel=\"canonical\" href=\"https:\/\/renelledesign.com\/fr\/portfolio\/\" \/>\n<meta property=\"og:locale\" content=\"en_US\" \/>\n<meta property=\"og:type\" content=\"article\" \/>\n<meta property=\"og:title\" content=\"Portfolio - Renelle Design - Toronto\" \/>\n<meta property=\"og:url\" content=\"https:\/\/renelledesign.com\/fr\/portfolio\/\" \/>\n<meta property=\"og:site_name\" content=\"Renelle Design - Toronto\" \/>\n<meta property=\"article:modified_time\" content=\"2022-04-12T20:03:55+00:00\" \/>\n<meta name=\"twitter:label1\" content=\"Est. reading time\" \/>\n\t<meta name=\"twitter:data1\" content=\"1 minute\" \/>\n<script type=\"application\/ld+json\" class=\"yoast-schema-graph\">{\"@context\":\"https:\\\/\\\/schema.org\",\"@graph\":[{\"@type\":\"WebPage\",\"@id\":\"https:\\\/\\\/renelledesign.com\\\/fr\\\/portfolio\\\/\",\"url\":\"https:\\\/\\\/renelledesign.com\\\/fr\\\/portfolio\\\/\",\"name\":\"Portfolio - Renelle Design - Toronto\",\"isPartOf\":{\"@id\":\"https:\\\/\\\/renelledesign.com\\\/fr\\\/#website\"},\"datePublished\":\"2014-08-21T15:11:18+00:00\",\"dateModified\":\"2022-04-12T20:03:55+00:00\",\"breadcrumb\":{\"@id\":\"https:\\\/\\\/renelledesign.com\\\/fr\\\/portfolio\\\/#breadcrumb\"},\"inLanguage\":\"en-US\",\"potentialAction\":[{\"@type\":\"ReadAction\",\"target\":[\"https:\\\/\\\/renelledesign.com\\\/fr\\\/portfolio\\\/\"]}]},{\"@type\":\"BreadcrumbList\",\"@id\":\"https:\\\/\\\/renelledesign.com\\\/fr\\\/portfolio\\\/#breadcrumb\",\"itemListElement\":[{\"@type\":\"ListItem\",\"position\":1,\"name\":\"Home\",\"item\":\"https:\\\/\\\/renelledesign.com\\\/fr\\\/\"},{\"@type\":\"ListItem\",\"position\":2,\"name\":\"Portfolio\"}]},{\"@type\":\"WebSite\",\"@id\":\"https:\\\/\\\/renelledesign.com\\\/fr\\\/#website\",\"url\":\"https:\\\/\\\/renelledesign.com\\\/fr\\\/\",\"name\":\"Renelle Design - Toronto\",\"description\":\"Renelle Design - Toronto\",\"potentialAction\":[{\"@type\":\"SearchAction\",\"target\":{\"@type\":\"EntryPoint\",\"urlTemplate\":\"https:\\\/\\\/renelledesign.com\\\/fr\\\/?s={search_term_string}\"},\"query-input\":{\"@type\":\"PropertyValueSpecification\",\"valueRequired\":true,\"valueName\":\"search_term_string\"}}],\"inLanguage\":\"en-US\"}]}<\/script>\n<!-- \/ Yoast SEO plugin. -->","yoast_head_json":{"title":"Portfolio - Renelle Design - Toronto","robots":{"index":"index","follow":"follow","max-snippet":"max-snippet:-1","max-image-preview":"max-image-preview:large","max-video-preview":"max-video-preview:-1"},"canonical":"https:\/\/renelledesign.com\/fr\/portfolio\/","og_locale":"en_US","og_type":"article","og_title":"Portfolio - Renelle Design - Toronto","og_url":"https:\/\/renelledesign.com\/fr\/portfolio\/","og_site_name":"Renelle Design - Toronto","article_modified_time":"2022-04-12T20:03:55+00:00","twitter_misc":{"Est. reading time":"1 minute"},"schema":{"@context":"https:\/\/schema.org","@graph":[{"@type":"WebPage","@id":"https:\/\/renelledesign.com\/fr\/portfolio\/","url":"https:\/\/renelledesign.com\/fr\/portfolio\/","name":"Portfolio - Renelle Design - Toronto","isPartOf":{"@id":"https:\/\/renelledesign.com\/fr\/#website"},"datePublished":"2014-08-21T15:11:18+00:00","dateModified":"2022-04-12T20:03:55+00:00","breadcrumb":{"@id":"https:\/\/renelledesign.com\/fr\/portfolio\/#breadcrumb"},"inLanguage":"en-US","potentialAction":[{"@type":"ReadAction","target":["https:\/\/renelledesign.com\/fr\/portfolio\/"]}]},{"@type":"BreadcrumbList","@id":"https:\/\/renelledesign.com\/fr\/portfolio\/#breadcrumb","itemListElement":[{"@type":"ListItem","position":1,"name":"Home","item":"https:\/\/renelledesign.com\/fr\/"},{"@type":"ListItem","position":2,"name":"Portfolio"}]},{"@type":"WebSite","@id":"https:\/\/renelledesign.com\/fr\/#website","url":"https:\/\/renelledesign.com\/fr\/","name":"Renelle Design - Toronto","description":"Renelle Design - Toronto","potentialAction":[{"@type":"SearchAction","target":{"@type":"EntryPoint","urlTemplate":"https:\/\/renelledesign.com\/fr\/?s={search_term_string}"},"query-input":{"@type":"PropertyValueSpecification","valueRequired":true,"valueName":"search_term_string"}}],"inLanguage":"en-US"}]}},"_links":{"self":[{"href":"https:\/\/renelledesign.com\/fr\/wp-json\/wp\/v2\/pages\/34","targetHints":{"allow":["GET"]}}],"collection":[{"href":"https:\/\/renelledesign.com\/fr\/wp-json\/wp\/v2\/pages"}],"about":[{"href":"https:\/\/renelledesign.com\/fr\/wp-json\/wp\/v2\/types\/page"}],"author":[{"embeddable":true,"href":"https:\/\/renelledesign.com\/fr\/wp-json\/wp\/v2\/users\/2"}],"replies":[{"embeddable":true,"href":"https:\/\/renelledesign.com\/fr\/wp-json\/wp\/v2\/comments?post=34"}],"version-history":[{"count":0,"href":"https:\/\/renelledesign.com\/fr\/wp-json\/wp\/v2\/pages\/34\/revisions"}],"wp:attachment":[{"href":"https:\/\/renelledesign.com\/fr\/wp-json\/wp\/v2\/media?parent=34"}],"curies":[{"name":"wp","href":"https:\/\/api.w.org\/{rel}","templated":true}]}}