{"id":43,"date":"2014-08-21T11:15:27","date_gmt":"2014-08-21T15:15:27","guid":{"rendered":"http:\/\/renelledesign.com\/fr\/?page_id=43"},"modified":"2022-04-12T16:04:36","modified_gmt":"2022-04-12T20:04:36","slug":"the-prospectors-house-press-release","status":"publish","type":"page","link":"https:\/\/renelledesign.com\/fr\/presse\/the-prospectors-house-press-release\/","title":{"rendered":"communiqu\u00e9 de presse"},"content":{"rendered":"<div class=\"fusion-fullwidth fullwidth-box fusion-builder-row-1 nonhundred-percent-fullwidth non-hundred-percent-height-scrolling\" style=\"--awb-border-radius-top-left:0px;--awb-border-radius-top-right:0px;--awb-border-radius-bottom-right:0px;--awb-border-radius-bottom-left:0px;--awb-flex-wrap:wrap;\" ><div class=\"fusion-builder-row fusion-row\"><div class=\"fusion-layout-column fusion_builder_column fusion-builder-column-0 fusion_builder_column_1_1 1_1 fusion-one-full fusion-column-first fusion-column-last\" style=\"--awb-bg-size:cover;--awb-margin-bottom:0px;\"><div class=\"fusion-column-wrapper fusion-flex-column-wrapper-legacy\"><div class=\"fusion-text fusion-text-1\"><h2>D\u00e9couvrez l&#8217;histoire de la Maison des prospecteurs <\/h2>\n<p>1er mai 2014 \u2014 Haileybury (Ontario) \u2014 l\u2019histoire moderne d&#8217;Haileybury et de Cobalt commen\u00e7a vers 1880 environ, lorsque Charles Cobbold Farr (commer\u00e7ant de la Compagnie de la Baie d&#8217;Hudson) remarqua les terres sur la rive ouest du lac T\u00e9miscamingue. Celles-ci s&#8217;\u00e9levaient doucement par-dessus une colline et \u00e9taient un peu plus prot\u00e9g\u00e9es que les autres territoires autour du lac. Il acheta ces terres, puis leur donna le nom Haileybury en l&#8217;honneur de l&#8217;\u00e9cole qu&#8217;il fr\u00e9quenta en son pays natal \u2014 l&#8217;Angleterre. <\/p>\n<p>La ville se d\u00e9veloppa lentement, tout comme New Liskeard, son voisin du Nord, jusqu&#8217;en 1903 lorsque de l&#8217;argent fut d\u00e9couvert \u00e0 Cobalt, communaut\u00e9 avoisinante du Sud. L&#8217;argent y \u00e9tait si abondant qu&#8217;il pouvait \u00eatre arrach\u00e9 \u00e0 m\u00eame des falaises, ou trouv\u00e9 sur le sol en mottes. Apr\u00e8s cette d\u00e9couverte, un vrai boom eut lieu dans les alentours. Des h\u00f4tels, des entreprises et des maisons se mirent \u00e0 d\u00e9corer les environs. De nombreux prospecteurs et directeurs de mines devinrent riches \u00e0 craquer, et les cuisiniers devinrent millionnaires. La r\u00e9gion \u00e9tait pleine de possibilit\u00e9s. <\/p>\n<p>Les maisons furent construites par les riches, qui ont import\u00e9 du bois de la Colombie-Britannique afin de construire des demeures solides et durables. Certains de ces b\u00e2timents furent d\u00e9truits par le temps et les flammes, mais la beaut\u00e9 de cette \u00e9poque peut toujours \u00eatre admir\u00e9e gr\u00e2ce aux maisons qui ont surv\u00e9cu \u00e0 ce jour. <\/p>\n<p>Nicole Guertin et Jocelyn Blais se sont donn\u00e9s \u00e0 c\u0153ur joie lors de l&#8217;achat et de la restauration de ces demeures, offrant \u00e9galement la chance de les louer \u00e0 ceux qui voudraient les visiter.  <\/p>\n<p>L&#8217;une de leurs acquisitions les plus r\u00e9centes fut la Maison des prospecteurs de Haileybury. Gr\u00e2ce \u00e0 leur vision, leur engagement et leur talent, Nicole, Jocelyn et Renelle Lalibert\u00e9 (d\u00e9coratrice int\u00e9rieure certifi\u00e9e de Toronto) ont donn\u00e9 \u00e0 la maison sa propre \u00e2me.  <\/p>\n<p>Ceux qui visitent la maison pourront y d\u00e9couvrir une partie du pass\u00e9, ainsi que les prospecteurs qui ont explor\u00e9 chaque recoin de la r\u00e9gion.  <\/p>\n<p>Les couleurs et textures de l&#8217;\u00e9poque, les \u00e9l\u00e9ments auxquels les prospecteurs auraient eu acc\u00e8s&#8230; Le tout fut formidablement incorpor\u00e9 dans cette demeure, pr\u00eate \u00e0 transporter ses invit\u00e9s un centenaire dans le pass\u00e9, vers la ru\u00e9e d&#8217;argent de Cobalt.  <\/p>\n<p>Renelle, propri\u00e9taire de la nouvelle compagnie Renelle Design, a dit que la conception commen\u00e7a avec les prospecteurs. Gr\u00e2ce \u00e0 son niveau d&#8217;exp\u00e9rience en travail d&#8217;\u00e9quipe pour cr\u00e9er des designs uniques, qui refl\u00e8tent les go\u00fbts et besoins des autres, elle d\u00e9cida de cr\u00e9er un foyer qui refl\u00e8terait les vies des prospecteurs du pass\u00e9. <\/p>\n<p>Sa passion pour de tels projets l&#8217;inspira \u00e0 penser de plus en plus aux antiquit\u00e9s et aux mati\u00e8res premi\u00e8res. Le style du design de la maison? Campagnard rustique, dot\u00e9 d&#8217;un m\u00e9lange d&#8217;art et d&#8217;histoire de la r\u00e9gion, selon les \u00e9l\u00e9ments qu&#8217;elle utilisa pour cr\u00e9er le style unique de la demeure.  <\/p>\n<p>Il semble que l&#8217;appel de Renelle, qui voulait louer l&#8217;une des suites des pr\u00e9sidents appartenues par Nicole \u00e0 Haileybury, fut un heureux hasard. Nicole et Jocelyn avaient besoin de l&#8217;aide d&#8217;un professionnel pour concevoir la Maison des prospecteurs, et l&#8217;opportunit\u00e9 qui se pr\u00e9senta fut aussi claire que l&#8217;argent ou l&#8217;or qu&#8217;aurait trouv\u00e9 un prospecteur.  <\/p>\n<p>Renelle affirma qu&#8217;il fut, pour elle, une opportunit\u00e9 de concevoir quelque chose qui m\u00e9lange tellement d&#8217;aspects. Elle dit \u00e9galement avoir m\u00e9lang\u00e9 une communaut\u00e9 enti\u00e8re et cent ans d&#8217;histoire au sein d&#8217;un cadre priv\u00e9 et intime. <\/p>\n<p>Le r\u00e9sultat est unique, et refl\u00e8te l&#8217;histoire de la r\u00e9gion, ainsi que l&#8217;esprit moderne de sa communaut\u00e9 artistique forte et vibrante. Renelle remarqua que tout le monde peut ressentir la passion de son travail, car de nombreux aspects y sont repr\u00e9sent\u00e9s.  <\/p>\n<p>Des \u0153uvres cr\u00e9\u00e9es par des artistes bien connus, comme Lionel Venne et Laura Landers, d\u00e9corent cette maison chaleureuse. <\/p>\n<p>Dans le loft, on retrouve une touche sp\u00e9ciale, semblable \u00e0 ce qu&#8217;on aurait retrouv\u00e9 dans le logement d&#8217;un prospecteur. Renelle dit que lorsqu&#8217;elle travaillait avec les mati\u00e8res premi\u00e8res, les couleurs de la terre et les textures du bois de grange, elle eut une id\u00e9e int\u00e9ressante. \u00ab Ce serait g\u00e9nial si des lits pouvaient sortir \u00e0 l&#8217;aide de cordes attach\u00e9es au plafond. \u00bb Selon elle, les cordes \u00e9taient une bonne id\u00e9e, et l&#8217;ont inspir\u00e9 lors du processus de cr\u00e9ation. <\/p>\n<p>L&#8217;int\u00e9rieur de la maison fut cr\u00e9\u00e9 \u00e0 partir de rien, dit Renelle. Les rideaux de la demeure servent \u00e0 refl\u00e9ter l&#8217;\u00e9l\u00e9ment de corde. M\u00eame les boutons utilis\u00e9s pour les rideaux furent soigneusement s\u00e9lectionn\u00e9s, car elle voulait qu&#8217;ils ressemblent \u00e0 de la corde. Trop couteux \u00e0 cr\u00e9er avec de la corde, elle utilisa plut\u00f4t des boutons de m\u00e9tal couverts de jute pour atteindre le r\u00e9sultat esp\u00e9r\u00e9. <\/p>\n<p>Chaque plancher de la maison a une identit\u00e9 unique, qui porte quand m\u00eame le message g\u00e9n\u00e9ral de la Maison des prospecteurs. \u00c0 travers la maison, cependant, les cordes tenaient le tout. Certaines parties de la maison sont dot\u00e9es des couleurs de la terre, tandis que d&#8217;autres poss\u00e8dent le rouge des mines de fer, ou encore un m\u00e9lange de gris, de beige et de taupe. Renelle nota que le projet de conception de la demeure avait un certain budget.  <\/p>\n<p>Les noms des prospecteurs paraissent dans la maison, pour vraiment donner l&#8217;impression de vivre parmi eux. \u00ab Ce projet nous permet de procurer une exp\u00e9rience, \u00bb dit Renelle. Elle s&#8217;exprima fi\u00e8re d&#8217;avoir non seulement donn\u00e9 aux propri\u00e9taires une magnifique maison, mais aussi d&#8217;avoir eu la chance d&#8217;offrir cette exp\u00e9rience \u00e0 tous ceux qui visitent les lieux.  <\/p>\n<p>Gr\u00e2ce \u00e0 l&#8217;esprit de la maison, ainsi que les nombreux hommes dont les noms se retrouvent d&#8217;une chambre \u00e0 l&#8217;autre, il est souhaitable que les visiteurs trouvent dans leur propre c\u0153ur le m\u00eame esprit d&#8217;explorateur qui les m\u00e8neront \u00e0 d\u00e9couvrir ce que la r\u00e9gion a \u00e0 offrir. <\/p>\n<p>La demeure offre \u00e0 ses invit\u00e9s quatre chambres \u00e0 coucher et un loft, des salles de bain priv\u00e9es, des postes de travail, un salon, une salle de jeux, une salle de conf\u00e9rence et une buanderie.<br \/>\nDes meubles antiques, qui proviennent de la r\u00e9gion et des familles des propri\u00e9taires et de leurs amis, furent ajout\u00e9s pour ajouter de l&#8217;authenticit\u00e9 \u00e0 la maison. Un piano qui a plus de cent ans est le point de mire du salon. Certains meubles, d\u00e9couverts dans la r\u00e9gion, ont \u00e9t\u00e9 adapt\u00e9s \u00e0 cause de leur beaut\u00e9 et de leur caract\u00e8re. Des tuyaux de plomberie ont \u00e9t\u00e9 chang\u00e9s en p\u00f4les \u00e0 rideaux, et ont \u00e9t\u00e9 utilis\u00e9s pour exposer certains accessoires de la maison. Durant les quelques derni\u00e8res ann\u00e9es, un couvent d&#8217;Haileybury fut transform\u00e9 en logements. Certaines portes de celui-ci furent install\u00e9es dans la maison. Renelle remarque que le projet est vraiment \u00ab vert \u00bb, puisque tant d&#8217;\u00e9l\u00e9ments furent recycl\u00e9s pour le compl\u00e9ter. Il s&#8217;agit d&#8217;une tendance qui devient de plus en plus populaire en design. Pour en entendre plus de Renelle, ainsi que pour visionner des clips de la Maison des prospecteurs, il suffit de chercher une vid\u00e9o intitul\u00e9e \u00ab Design &#8211; Maison des Prospecteurs \u00bb sur YouTube. <\/p>\n<p>Des photos historiques animent encore plus les prospecteurs, dont la vision, le courage, l&#8217;intelligence, le savoir, la force et parfois, la simple t\u00e9nacit\u00e9 et la pure chance, r\u00e9ussi \u00e0 ouvrir le Nord et produit les richesses qui cr\u00e9\u00e8rent une communaut\u00e9, tout en renfor\u00e7ant une nation enti\u00e8re.  <\/p>\n<p>L&#8217;histoire de la r\u00e9gion peut \u00eatre red\u00e9couverte, en commen\u00e7ant \u00e0 la Maison des prospecteurs. <\/p>\n<p>Pour plus d&#8217;information, contactez:<br \/>\nPropri\u00e9taire Nicole Guertin -Suites des Pr\u00e9sidents<br \/>\nBox 1380, Haileybury, Ontario  P0J 1K0<br \/>\n<a href=\"http:\/\/www.presidentssuites.com\" target=\"_blank\" rel=\"noopener\">www.presidentssuites.com<\/a><br \/>\n(705) 622-0279<br \/>\n1-888-672-2517<\/p>\n<\/div><div class=\"fusion-clearfix\"><\/div><\/div><\/div><\/div><\/div>\n","protected":false},"excerpt":{"rendered":"","protected":false},"author":2,"featured_media":0,"parent":18,"menu_order":10,"comment_status":"closed","ping_status":"closed","template":"","meta":{"footnotes":""},"class_list":["post-43","page","type-page","status-publish","hentry"],"yoast_head":"<!-- This site is optimized with the Yoast SEO plugin v27.4 - https:\/\/yoast.com\/product\/yoast-seo-wordpress\/ -->\n<title>communiqu\u00e9 de presse - Renelle Design - Toronto<\/title>\n<meta name=\"robots\" content=\"index, follow, max-snippet:-1, max-image-preview:large, max-video-preview:-1\" \/>\n<link rel=\"canonical\" href=\"https:\/\/renelledesign.com\/fr\/presse\/the-prospectors-house-press-release\/\" \/>\n<meta property=\"og:locale\" content=\"en_US\" \/>\n<meta property=\"og:type\" content=\"article\" \/>\n<meta property=\"og:title\" content=\"communiqu\u00e9 de presse - Renelle Design - Toronto\" \/>\n<meta property=\"og:url\" content=\"https:\/\/renelledesign.com\/fr\/presse\/the-prospectors-house-press-release\/\" \/>\n<meta property=\"og:site_name\" content=\"Renelle Design - Toronto\" \/>\n<meta property=\"article:modified_time\" content=\"2022-04-12T20:04:36+00:00\" \/>\n<meta name=\"twitter:label1\" content=\"Est. reading time\" \/>\n\t<meta name=\"twitter:data1\" content=\"7 minutes\" \/>\n<script type=\"application\/ld+json\" class=\"yoast-schema-graph\">{\"@context\":\"https:\\\/\\\/schema.org\",\"@graph\":[{\"@type\":\"WebPage\",\"@id\":\"https:\\\/\\\/renelledesign.com\\\/fr\\\/presse\\\/the-prospectors-house-press-release\\\/\",\"url\":\"https:\\\/\\\/renelledesign.com\\\/fr\\\/presse\\\/the-prospectors-house-press-release\\\/\",\"name\":\"communiqu\u00e9 de presse - Renelle Design - Toronto\",\"isPartOf\":{\"@id\":\"https:\\\/\\\/renelledesign.com\\\/fr\\\/#website\"},\"datePublished\":\"2014-08-21T15:15:27+00:00\",\"dateModified\":\"2022-04-12T20:04:36+00:00\",\"breadcrumb\":{\"@id\":\"https:\\\/\\\/renelledesign.com\\\/fr\\\/presse\\\/the-prospectors-house-press-release\\\/#breadcrumb\"},\"inLanguage\":\"en-US\",\"potentialAction\":[{\"@type\":\"ReadAction\",\"target\":[\"https:\\\/\\\/renelledesign.com\\\/fr\\\/presse\\\/the-prospectors-house-press-release\\\/\"]}]},{\"@type\":\"BreadcrumbList\",\"@id\":\"https:\\\/\\\/renelledesign.com\\\/fr\\\/presse\\\/the-prospectors-house-press-release\\\/#breadcrumb\",\"itemListElement\":[{\"@type\":\"ListItem\",\"position\":1,\"name\":\"Home\",\"item\":\"https:\\\/\\\/renelledesign.com\\\/fr\\\/\"},{\"@type\":\"ListItem\",\"position\":2,\"name\":\"Presse\",\"item\":\"https:\\\/\\\/renelledesign.com\\\/fr\\\/presse\\\/\"},{\"@type\":\"ListItem\",\"position\":3,\"name\":\"communiqu\u00e9 de presse\"}]},{\"@type\":\"WebSite\",\"@id\":\"https:\\\/\\\/renelledesign.com\\\/fr\\\/#website\",\"url\":\"https:\\\/\\\/renelledesign.com\\\/fr\\\/\",\"name\":\"Renelle Design - Toronto\",\"description\":\"Renelle Design - Toronto\",\"potentialAction\":[{\"@type\":\"SearchAction\",\"target\":{\"@type\":\"EntryPoint\",\"urlTemplate\":\"https:\\\/\\\/renelledesign.com\\\/fr\\\/?s={search_term_string}\"},\"query-input\":{\"@type\":\"PropertyValueSpecification\",\"valueRequired\":true,\"valueName\":\"search_term_string\"}}],\"inLanguage\":\"en-US\"}]}<\/script>\n<!-- \/ Yoast SEO plugin. -->","yoast_head_json":{"title":"communiqu\u00e9 de presse - Renelle Design - Toronto","robots":{"index":"index","follow":"follow","max-snippet":"max-snippet:-1","max-image-preview":"max-image-preview:large","max-video-preview":"max-video-preview:-1"},"canonical":"https:\/\/renelledesign.com\/fr\/presse\/the-prospectors-house-press-release\/","og_locale":"en_US","og_type":"article","og_title":"communiqu\u00e9 de presse - Renelle Design - Toronto","og_url":"https:\/\/renelledesign.com\/fr\/presse\/the-prospectors-house-press-release\/","og_site_name":"Renelle Design - Toronto","article_modified_time":"2022-04-12T20:04:36+00:00","twitter_misc":{"Est. reading time":"7 minutes"},"schema":{"@context":"https:\/\/schema.org","@graph":[{"@type":"WebPage","@id":"https:\/\/renelledesign.com\/fr\/presse\/the-prospectors-house-press-release\/","url":"https:\/\/renelledesign.com\/fr\/presse\/the-prospectors-house-press-release\/","name":"communiqu\u00e9 de presse - Renelle Design - Toronto","isPartOf":{"@id":"https:\/\/renelledesign.com\/fr\/#website"},"datePublished":"2014-08-21T15:15:27+00:00","dateModified":"2022-04-12T20:04:36+00:00","breadcrumb":{"@id":"https:\/\/renelledesign.com\/fr\/presse\/the-prospectors-house-press-release\/#breadcrumb"},"inLanguage":"en-US","potentialAction":[{"@type":"ReadAction","target":["https:\/\/renelledesign.com\/fr\/presse\/the-prospectors-house-press-release\/"]}]},{"@type":"BreadcrumbList","@id":"https:\/\/renelledesign.com\/fr\/presse\/the-prospectors-house-press-release\/#breadcrumb","itemListElement":[{"@type":"ListItem","position":1,"name":"Home","item":"https:\/\/renelledesign.com\/fr\/"},{"@type":"ListItem","position":2,"name":"Presse","item":"https:\/\/renelledesign.com\/fr\/presse\/"},{"@type":"ListItem","position":3,"name":"communiqu\u00e9 de presse"}]},{"@type":"WebSite","@id":"https:\/\/renelledesign.com\/fr\/#website","url":"https:\/\/renelledesign.com\/fr\/","name":"Renelle Design - Toronto","description":"Renelle Design - Toronto","potentialAction":[{"@type":"SearchAction","target":{"@type":"EntryPoint","urlTemplate":"https:\/\/renelledesign.com\/fr\/?s={search_term_string}"},"query-input":{"@type":"PropertyValueSpecification","valueRequired":true,"valueName":"search_term_string"}}],"inLanguage":"en-US"}]}},"_links":{"self":[{"href":"https:\/\/renelledesign.com\/fr\/wp-json\/wp\/v2\/pages\/43","targetHints":{"allow":["GET"]}}],"collection":[{"href":"https:\/\/renelledesign.com\/fr\/wp-json\/wp\/v2\/pages"}],"about":[{"href":"https:\/\/renelledesign.com\/fr\/wp-json\/wp\/v2\/types\/page"}],"author":[{"embeddable":true,"href":"https:\/\/renelledesign.com\/fr\/wp-json\/wp\/v2\/users\/2"}],"replies":[{"embeddable":true,"href":"https:\/\/renelledesign.com\/fr\/wp-json\/wp\/v2\/comments?post=43"}],"version-history":[{"count":0,"href":"https:\/\/renelledesign.com\/fr\/wp-json\/wp\/v2\/pages\/43\/revisions"}],"up":[{"embeddable":true,"href":"https:\/\/renelledesign.com\/fr\/wp-json\/wp\/v2\/pages\/18"}],"wp:attachment":[{"href":"https:\/\/renelledesign.com\/fr\/wp-json\/wp\/v2\/media?parent=43"}],"curies":[{"name":"wp","href":"https:\/\/api.w.org\/{rel}","templated":true}]}}